{"id":8261,"date":"2023-12-04T03:53:47","date_gmt":"2023-12-04T02:53:47","guid":{"rendered":"https:\/\/gadquisapincha.gob.ec\/?page_id=8261"},"modified":"2023-12-19T22:26:38","modified_gmt":"2023-12-19T21:26:38","slug":"servicios-basicos","status":"publish","type":"page","link":"https:\/\/gadquisapincha.gob.ec\/index.php\/servicios-basicos\/","title":{"rendered":"Servicios B\u00e1sicos"},"content":{"rendered":"\t\t<div data-elementor-type=\"wp-page\" data-elementor-id=\"8261\" class=\"elementor elementor-8261\" data-elementor-post-type=\"page\">\n\t\t\t\t<div data-custom-animations=\"true\" data-ca-options=\"{&quot;addChildTimelines&quot;:false,&quot;trigger&quot;:&quot;firstChild&quot;,&quot;animationTarget&quot;:&quot;:scope .e-con-inner &gt; .e-con&quot;,&quot;duration&quot;:500,&quot;startDelay&quot;:500,&quot;ease&quot;:[&quot;power4.out&quot;],&quot;initValues&quot;:{&quot;scaleX&quot;:0.75,&quot;scaleY&quot;:0.75,&quot;opacity&quot;:0,&quot;transformOrigin&quot;:&quot;50% 50% 0px&quot;},&quot;animations&quot;:{&quot;scaleX&quot;:1,&quot;scaleY&quot;:1,&quot;opacity&quot;:1,&quot;transformOrigin&quot;:&quot;50% 50% 0px&quot;}}\" class=\"elementor-element elementor-element-c797b7c e-flex e-con-boxed e-con e-parent\" data-id=\"c797b7c\" data-element_type=\"container\" data-e-type=\"container\">\n\t\t\t\t\t<div class=\"e-con-inner\">\n\t\t<div class=\"elementor-element elementor-element-5161d05 e-con-full e-flex e-con e-child\" data-id=\"5161d05\" data-element_type=\"container\" data-e-type=\"container\">\n\t\t\t\t<div class=\"elementor-element elementor-element-2a58d55 elementor-widget__width-initial elementor-widget elementor-widget-image\" data-id=\"2a58d55\" data-element_type=\"widget\" data-e-type=\"widget\" data-widget_type=\"image.default\">\n\t\t\t\t<div class=\"elementor-widget-container\">\n\t\t\t\t\t\t\t\t\t\t\t\t\t\t\t<img fetchpriority=\"high\" decoding=\"async\" width=\"545\" height=\"463\" src=\"https:\/\/gadquisapincha.gob.ec\/wp-content\/uploads\/2023\/12\/servicios01.webp\" class=\"attachment-medium_large size-medium_large wp-image-10029\" alt=\"\" srcset=\"https:\/\/gadquisapincha.gob.ec\/wp-content\/uploads\/2023\/12\/servicios01.webp 545w, https:\/\/gadquisapincha.gob.ec\/wp-content\/uploads\/2023\/12\/servicios01-300x255.webp 300w\" sizes=\"(max-width: 545px) 100vw, 545px\" \/>\t\t\t\t\t\t\t\t\t\t\t\t\t\t\t<\/div>\n\t\t\t\t<\/div>\n\t\t\t\t<\/div>\n\t\t<div class=\"elementor-element elementor-element-2fb5917 e-con-full e-flex e-con e-child\" data-id=\"2fb5917\" data-element_type=\"container\" data-e-type=\"container\">\n\t\t\t\t<div class=\"elementor-element elementor-element-780467fd elementor-widget__width-inherit elementor-widget elementor-widget-hub_fancy_heading\" data-id=\"780467fd\" data-element_type=\"widget\" data-e-type=\"widget\" data-widget_type=\"hub_fancy_heading.default\">\n\t\t\t\t<div class=\"elementor-widget-container\">\n\t\t\t\t\t\n\t\t<div id=\"ld-fancy-heading-69d97512ceb58\" class=\"ld-fancy-heading pos-rel\">\n\t\t\t<h2 class=\"ld-fh-element d-inline-block pos-rel  elementor-heading-title lqd-highlight-classic lqd-highlight-grow-left h1\"  > Energ\u00eda El\u00e9ctrica<\/h2>\t\t<\/div>\n\n\t\t\t\t\t\t<\/div>\n\t\t\t\t<\/div>\n\t\t\t\t<div class=\"elementor-element elementor-element-57ecd642 elementor-widget elementor-widget-hub_fancy_heading\" data-id=\"57ecd642\" data-element_type=\"widget\" data-e-type=\"widget\" data-widget_type=\"hub_fancy_heading.default\">\n\t\t\t\t<div class=\"elementor-widget-container\">\n\t\t\t\t\t\n\t\t<div id=\"ld-fancy-heading-69d97512cf153\" class=\"ld-fancy-heading pos-rel\">\n\t\t\t<p class=\"ld-fh-element d-inline-block pos-rel  lqd-highlight-classic lqd-highlight-grow-left p\"  > Este servicio b\u00e1sico es el de mayor cobertura en el centro y comunidades el 93.7% de la poblaci\u00f3n disponen este servicio, hace falta complementar el servicio con el alumbrado p\u00fablico tan necesario para la seguridad y ornato.<\/p>\t\t<\/div>\n\n\t\t\t\t\t\t<\/div>\n\t\t\t\t<\/div>\n\t\t\t\t<\/div>\n\t\t\t\t\t<\/div>\n\t\t\t\t<\/div>\n\t\t<div data-custom-animations=\"true\" data-ca-options=\"{&quot;addChildTimelines&quot;:false,&quot;trigger&quot;:&quot;firstChild&quot;,&quot;animationTarget&quot;:&quot;:scope .e-con-inner &gt; .e-con&quot;,&quot;duration&quot;:500,&quot;startDelay&quot;:500,&quot;ease&quot;:[&quot;power4.out&quot;],&quot;initValues&quot;:{&quot;scaleX&quot;:0.75,&quot;scaleY&quot;:0.75,&quot;opacity&quot;:0,&quot;transformOrigin&quot;:&quot;50% 50% 0px&quot;},&quot;animations&quot;:{&quot;scaleX&quot;:1,&quot;scaleY&quot;:1,&quot;opacity&quot;:1,&quot;transformOrigin&quot;:&quot;50% 50% 0px&quot;}}\" class=\"elementor-element elementor-element-bc4f23d e-flex e-con-boxed e-con e-parent\" data-id=\"bc4f23d\" data-element_type=\"container\" data-e-type=\"container\">\n\t\t\t\t\t<div class=\"e-con-inner\">\n\t\t<div class=\"elementor-element elementor-element-25bf6cd e-con-full e-flex e-con e-child\" data-id=\"25bf6cd\" data-element_type=\"container\" data-e-type=\"container\">\n\t\t\t\t<div class=\"elementor-element elementor-element-620b871d elementor-widget__width-inherit elementor-widget elementor-widget-hub_fancy_heading\" data-id=\"620b871d\" data-element_type=\"widget\" data-e-type=\"widget\" data-widget_type=\"hub_fancy_heading.default\">\n\t\t\t\t<div class=\"elementor-widget-container\">\n\t\t\t\t\t\n\t\t<div id=\"ld-fancy-heading-69d97512cf6bd\" class=\"ld-fancy-heading pos-rel\">\n\t\t\t<h2 class=\"ld-fh-element d-inline-block pos-rel  elementor-heading-title lqd-highlight-classic lqd-highlight-grow-left h1\"  > Tel\u00e9fono<\/h2>\t\t<\/div>\n\n\t\t\t\t\t\t<\/div>\n\t\t\t\t<\/div>\n\t\t\t\t<div class=\"elementor-element elementor-element-3e7fbd2b elementor-widget elementor-widget-hub_fancy_heading\" data-id=\"3e7fbd2b\" data-element_type=\"widget\" data-e-type=\"widget\" data-widget_type=\"hub_fancy_heading.default\">\n\t\t\t\t<div class=\"elementor-widget-container\">\n\t\t\t\t\t\n\t\t<div id=\"ld-fancy-heading-69d97512cfc12\" class=\"ld-fancy-heading pos-rel\">\n\t\t\t<p class=\"ld-fh-element d-inline-block pos-rel  lqd-highlight-classic lqd-highlight-grow-left p\"  > El 24% dispone de tel\u00e9fono fijo, el servicio se concentra en la zona urbana, la poblaci\u00f3n rural no lo dispone, siendo una necesidad que la red se extienda a toda la parroquia. Sin embargo, una alternativa es la telefon\u00eda celular, que es de uso generalizado.<\/p>\t\t<\/div>\n\n\t\t\t\t\t\t<\/div>\n\t\t\t\t<\/div>\n\t\t\t\t<\/div>\n\t\t<div class=\"elementor-element elementor-element-472db4d e-con-full e-flex e-con e-child\" data-id=\"472db4d\" data-element_type=\"container\" data-e-type=\"container\">\n\t\t\t\t<div class=\"elementor-element elementor-element-187a734 elementor-widget__width-initial elementor-widget elementor-widget-image\" data-id=\"187a734\" data-element_type=\"widget\" data-e-type=\"widget\" data-widget_type=\"image.default\">\n\t\t\t\t<div class=\"elementor-widget-container\">\n\t\t\t\t\t\t\t\t\t\t\t\t\t\t\t<img decoding=\"async\" width=\"677\" height=\"579\" src=\"data:image\/svg+xml;charset=utf-8,%3Csvg xmlns%3D&#039;http%3A%2F%2Fwww.w3.org%2F2000%2Fsvg&#039; viewBox%3D&#039;0 0 677 579&#039;%2F%3E\" class=\"attachment-medium_large size-medium_large wp-image-10028 ld-lazyload\" alt=\"\" data-src=\"https:\/\/gadquisapincha.gob.ec\/wp-content\/uploads\/2023\/12\/servicios02.webp\" data-srcset=\"https:\/\/gadquisapincha.gob.ec\/wp-content\/uploads\/2023\/12\/servicios02.webp 677w, https:\/\/gadquisapincha.gob.ec\/wp-content\/uploads\/2023\/12\/servicios02-300x257.webp 300w\" data-sizes=\"(max-width: 677px) 100vw, 677px\" data-aspect=\"1.1692573402418\" \/>\t\t\t\t\t\t\t\t\t\t\t\t\t\t\t<\/div>\n\t\t\t\t<\/div>\n\t\t\t\t<\/div>\n\t\t\t\t\t<\/div>\n\t\t\t\t<\/div>\n\t\t<div data-custom-animations=\"true\" data-ca-options=\"{&quot;addChildTimelines&quot;:false,&quot;trigger&quot;:&quot;firstChild&quot;,&quot;animationTarget&quot;:&quot;:scope .e-con-inner &gt; .e-con&quot;,&quot;duration&quot;:500,&quot;startDelay&quot;:500,&quot;ease&quot;:[&quot;power4.out&quot;],&quot;initValues&quot;:{&quot;scaleX&quot;:0.75,&quot;scaleY&quot;:0.75,&quot;opacity&quot;:0,&quot;transformOrigin&quot;:&quot;50% 50% 0px&quot;},&quot;animations&quot;:{&quot;scaleX&quot;:1,&quot;scaleY&quot;:1,&quot;opacity&quot;:1,&quot;transformOrigin&quot;:&quot;50% 50% 0px&quot;}}\" class=\"elementor-element elementor-element-9e18942 e-flex e-con-boxed e-con e-parent\" data-id=\"9e18942\" data-element_type=\"container\" data-e-type=\"container\">\n\t\t\t\t\t<div class=\"e-con-inner\">\n\t\t<div class=\"elementor-element elementor-element-1dd7b58 e-con-full e-flex e-con e-child\" data-id=\"1dd7b58\" data-element_type=\"container\" data-e-type=\"container\">\n\t\t\t\t<div class=\"elementor-element elementor-element-985e203 elementor-widget__width-initial elementor-widget elementor-widget-image\" data-id=\"985e203\" data-element_type=\"widget\" data-e-type=\"widget\" data-widget_type=\"image.default\">\n\t\t\t\t<div class=\"elementor-widget-container\">\n\t\t\t\t\t\t\t\t\t\t\t\t\t\t\t<img decoding=\"async\" width=\"354\" height=\"447\" src=\"data:image\/svg+xml;charset=utf-8,%3Csvg xmlns%3D&#039;http%3A%2F%2Fwww.w3.org%2F2000%2Fsvg&#039; viewBox%3D&#039;0 0 354 447&#039;%2F%3E\" class=\"attachment-medium_large size-medium_large wp-image-10027 ld-lazyload\" alt=\"\" data-src=\"https:\/\/gadquisapincha.gob.ec\/wp-content\/uploads\/2023\/12\/servicios03.webp\" data-srcset=\"https:\/\/gadquisapincha.gob.ec\/wp-content\/uploads\/2023\/12\/servicios03.webp 354w, https:\/\/gadquisapincha.gob.ec\/wp-content\/uploads\/2023\/12\/servicios03-238x300.webp 238w\" data-sizes=\"(max-width: 354px) 100vw, 354px\" data-aspect=\"0.79194630872483\" \/>\t\t\t\t\t\t\t\t\t\t\t\t\t\t\t<\/div>\n\t\t\t\t<\/div>\n\t\t\t\t<\/div>\n\t\t<div class=\"elementor-element elementor-element-8eb9f41 e-con-full e-flex e-con e-child\" data-id=\"8eb9f41\" data-element_type=\"container\" data-e-type=\"container\">\n\t\t\t\t<div class=\"elementor-element elementor-element-49b0e290 elementor-widget__width-inherit elementor-widget elementor-widget-hub_fancy_heading\" data-id=\"49b0e290\" data-element_type=\"widget\" data-e-type=\"widget\" data-widget_type=\"hub_fancy_heading.default\">\n\t\t\t\t<div class=\"elementor-widget-container\">\n\t\t\t\t\t\n\t\t<div id=\"ld-fancy-heading-69d97512d0153\" class=\"ld-fancy-heading pos-rel\">\n\t\t\t<h2 class=\"ld-fh-element d-inline-block pos-rel  elementor-heading-title lqd-highlight-classic lqd-highlight-grow-left h1\"  > Internet<\/h2>\t\t<\/div>\n\n\t\t\t\t\t\t<\/div>\n\t\t\t\t<\/div>\n\t\t\t\t<div class=\"elementor-element elementor-element-67c8be93 elementor-widget elementor-widget-hub_fancy_heading\" data-id=\"67c8be93\" data-element_type=\"widget\" data-e-type=\"widget\" data-widget_type=\"hub_fancy_heading.default\">\n\t\t\t\t<div class=\"elementor-widget-container\">\n\t\t\t\t\t\n\t\t<div id=\"ld-fancy-heading-69d97512d06e7\" class=\"ld-fancy-heading pos-rel\">\n\t\t\t<p class=\"ld-fh-element d-inline-block pos-rel  lqd-highlight-classic lqd-highlight-grow-left p\"  > El uso del internet es muy limitado, apenas el 13% de las viviendas disponen este servicio, en el centro de la parroquia existen pocos lugares que brindan este servicio, por parte del Estado se impuls\u00f3 en a\u00f1os anteriores la adecuaci\u00f3n e instalaci\u00f3n de infocentros comunitarios en algunas comunidades, pero el proyecto qued\u00f3 inconcluso. Proyecto que debe culminarse y alcanzar a las 18 comunidades rurales.<\/p>\t\t<\/div>\n\n\t\t\t\t\t\t<\/div>\n\t\t\t\t<\/div>\n\t\t\t\t<\/div>\n\t\t\t\t\t<\/div>\n\t\t\t\t<\/div>\n\t\t\t\t<section class=\"elementor-section elementor-top-section elementor-element elementor-element-4f4821f elementor-section-full_width elementor-section-height-default elementor-section-height-default\" data-id=\"4f4821f\" data-element_type=\"section\" data-e-type=\"section\" data-settings=\"{&quot;background_background&quot;:&quot;classic&quot;}\">\n\t\t\t\t\t\t<div class=\"elementor-container elementor-column-gap-no\">\n\t\t\t\t\t<div class=\"elementor-column elementor-col-100 elementor-top-column elementor-element elementor-element-11e1c4e\" data-id=\"11e1c4e\" data-element_type=\"column\" data-e-type=\"column\">\n\t\t\t<div class=\"elementor-widget-wrap elementor-element-populated\">\n\t\t\t\t\t\t<div class=\"elementor-element elementor-element-1da8608 elementor-widget elementor-widget-ld_carousel\" data-id=\"1da8608\" data-element_type=\"widget\" data-e-type=\"widget\" data-widget_type=\"ld_carousel.default\">\n\t\t\t\t<div class=\"elementor-widget-container\">\n\t\t\t\t\t\n\t\t<div class=\"carousel-container pos-rel carousel-nav-shaped\" id=\"\" >\n\n\t\t\t<div class=\"carousel-items pos-rel \"  data-lqd-flickity='{\"percentPosition\":false,\"columnsAutoWidth\":true,\"marquee\":true,\"draggable\":false,\"pauseAutoPlayOnHover\":false}'>\n\n\t\t\t\t\t\t\t\t<div class=\"flickity-viewport pos-rel w-100 overflow-hidden\">\n\t\t\t\t\t<div class=\"flickity-slider d-flex w-100 h-100 pos-rel align-items-start\" style=\"left: 0; transform: translateX(0%);\">\n\t\t\t\t\t\t\t\t\t\t\t\t\t<div class=\"carousel-item d-flex flex-column justify-content-center elementor-repeater-item-9ccd5a4\">\n\t\t\t\t\t\t\t\t<div class=\"carousel-item-inner pos-rel w-100\">\n\t\t\t\t\t\t\t\t\t<div class=\"carousel-item-content pos-rel w-100\">\n\n\t\t\t\t\t\t\t\t\t\t<h2 style=\"margin: 0; font-size: inherit; line-height: inherit; white-space: nowrap; padding-bottom: .1em; background: linear-gradient(to right, #fbced1, #dc6169, #d6101d); -webkit-background-clip: text !important; background-clip: text !important; -webkit-text-fill-color: transparent !important; text-fill-color: transparent !important;\"><strong>Gobierno Aut\u00f3nomo Descentralizado<\/strong><\/h2>\t\t\t\t\t\t\t\t\t<\/div>\n\t\t\t\t\t\t\t\t<\/div>\n\t\t\t\t\t\t\t<\/div>\n\t\t\t\t\t\t\t\t\t\t\t\t\t<div class=\"carousel-item d-flex flex-column justify-content-center elementor-repeater-item-e76d876\">\n\t\t\t\t\t\t\t\t<div class=\"carousel-item-inner pos-rel w-100\">\n\t\t\t\t\t\t\t\t\t<div class=\"carousel-item-content pos-rel w-100\">\n\n\t\t\t\t\t\t\t\t\t\t<h2 style=\"margin: 0; font-size: inherit; line-height: inherit; white-space: nowrap; padding-bottom: .1em; background: linear-gradient(to right, #fbced1, #dc6169, #d6101d); -webkit-background-clip: text !important; background-clip: text !important; -webkit-text-fill-color: transparent !important; text-fill-color: transparent !important;\"><strong>Gobierno Aut\u00f3nomo Descentralizado<\/strong><\/h2>\t\t\t\t\t\t\t\t\t<\/div>\n\t\t\t\t\t\t\t\t<\/div>\n\t\t\t\t\t\t\t<\/div>\n\t\t\t\t\t\t\t\t\t\t\t<\/div>\n\t\t\t\t<\/div>\n\t\t\t<\/div>\n\t\t\t\n\t\t\t\n\t\t<\/div>\n\t\t\t\t\t\t<\/div>\n\t\t\t\t<\/div>\n\t\t\t\t<div class=\"elementor-element elementor-element-1f83282 elementor-widget elementor-widget-ld_carousel\" data-id=\"1f83282\" data-element_type=\"widget\" data-e-type=\"widget\" data-widget_type=\"ld_carousel.default\">\n\t\t\t\t<div class=\"elementor-widget-container\">\n\t\t\t\t\t\n\t\t<div class=\"carousel-container pos-rel carousel-nav-shaped\" id=\"\" >\n\n\t\t\t<div class=\"carousel-items pos-rel \"  data-lqd-flickity='{\"percentPosition\":false,\"columnsAutoWidth\":true,\"marquee\":true,\"rightToLeft\":true,\"draggable\":false,\"pauseAutoPlayOnHover\":false}'>\n\n\t\t\t\t\t\t\t\t<div class=\"flickity-viewport pos-rel w-100 overflow-hidden\">\n\t\t\t\t\t<div class=\"flickity-slider d-flex w-100 h-100 pos-rel align-items-start\" style=\"right: 0; transform: translateX(0%);\">\n\t\t\t\t\t\t\t\t\t\t\t\t\t<div class=\"carousel-item d-flex flex-column justify-content-center elementor-repeater-item-0d7bbf3\">\n\t\t\t\t\t\t\t\t<div class=\"carousel-item-inner pos-rel w-100\">\n\t\t\t\t\t\t\t\t\t<div class=\"carousel-item-content pos-rel w-100\">\n\n\t\t\t\t\t\t\t\t\t\t<h2 style=\"margin: 0; font-size: inherit; line-height: inherit; white-space: nowrap; -webkit-text-stroke-color: #000; -webkit-text-stroke-width: 1px; color: transparent; padding-bottom: .1em;\">Rural Quisapincha<\/h2>\t\t\t\t\t\t\t\t\t<\/div>\n\t\t\t\t\t\t\t\t<\/div>\n\t\t\t\t\t\t\t<\/div>\n\t\t\t\t\t\t\t\t\t\t\t\t\t<div class=\"carousel-item d-flex flex-column justify-content-center elementor-repeater-item-0b1a194\">\n\t\t\t\t\t\t\t\t<div class=\"carousel-item-inner pos-rel w-100\">\n\t\t\t\t\t\t\t\t\t<div class=\"carousel-item-content pos-rel w-100\">\n\n\t\t\t\t\t\t\t\t\t\t<h2 style=\"margin: 0; font-size: inherit; line-height: inherit; white-space: nowrap; -webkit-text-stroke-color: #000; -webkit-text-stroke-width: 1px; color: transparent; padding-bottom: .1em;\">Rural Quisapincha<\/h2>\t\t\t\t\t\t\t\t\t<\/div>\n\t\t\t\t\t\t\t\t<\/div>\n\t\t\t\t\t\t\t<\/div>\n\t\t\t\t\t\t\t\t\t\t\t<\/div>\n\t\t\t\t<\/div>\n\t\t\t<\/div>\n\t\t\t\n\t\t\t\n\t\t<\/div>\n\t\t\t\t\t\t<\/div>\n\t\t\t\t<\/div>\n\t\t\t\t\t<\/div>\n\t\t<\/div>\n\t\t\t\t\t<\/div>\n\t\t<\/section>\n\t\t\t\t<\/div>\n\t\t","protected":false},"excerpt":{"rendered":"<p>Energ\u00eda El\u00e9ctrica Este servicio b\u00e1sico es el de mayor cobertura en el centro y comunidades el 93.7% de la poblaci\u00f3n disponen este servicio, hace falta complementar el servicio con el alumbrado p\u00fablico tan necesario para la seguridad y ornato. Tel\u00e9fono El 24% dispone de tel\u00e9fono fijo, el servicio se concentra en la zona urbana, la [&hellip;]<\/p>\n","protected":false},"author":1,"featured_media":0,"parent":0,"menu_order":0,"comment_status":"closed","ping_status":"closed","template":"","meta":{"footnotes":""},"class_list":["post-8261","page","type-page","status-publish","hentry"],"_links":{"self":[{"href":"https:\/\/gadquisapincha.gob.ec\/index.php\/wp-json\/wp\/v2\/pages\/8261","targetHints":{"allow":["GET"]}}],"collection":[{"href":"https:\/\/gadquisapincha.gob.ec\/index.php\/wp-json\/wp\/v2\/pages"}],"about":[{"href":"https:\/\/gadquisapincha.gob.ec\/index.php\/wp-json\/wp\/v2\/types\/page"}],"author":[{"embeddable":true,"href":"https:\/\/gadquisapincha.gob.ec\/index.php\/wp-json\/wp\/v2\/users\/1"}],"replies":[{"embeddable":true,"href":"https:\/\/gadquisapincha.gob.ec\/index.php\/wp-json\/wp\/v2\/comments?post=8261"}],"version-history":[{"count":16,"href":"https:\/\/gadquisapincha.gob.ec\/index.php\/wp-json\/wp\/v2\/pages\/8261\/revisions"}],"predecessor-version":[{"id":11626,"href":"https:\/\/gadquisapincha.gob.ec\/index.php\/wp-json\/wp\/v2\/pages\/8261\/revisions\/11626"}],"wp:attachment":[{"href":"https:\/\/gadquisapincha.gob.ec\/index.php\/wp-json\/wp\/v2\/media?parent=8261"}],"curies":[{"name":"wp","href":"https:\/\/api.w.org\/{rel}","templated":true}]}}