{"id":8062,"date":"2023-12-02T06:02:52","date_gmt":"2023-12-02T05:02:52","guid":{"rendered":"https:\/\/gadquisapincha.gob.ec\/?page_id=8062"},"modified":"2023-12-19T21:28:52","modified_gmt":"2023-12-19T20:28:52","slug":"flora-y-fauna","status":"publish","type":"page","link":"https:\/\/gadquisapincha.gob.ec\/index.php\/flora-y-fauna\/","title":{"rendered":"Flora y Fauna"},"content":{"rendered":"\t\t<div data-elementor-type=\"wp-page\" data-elementor-id=\"8062\" class=\"elementor elementor-8062\" data-elementor-post-type=\"page\">\n\t\t\t\t<div class=\"elementor-element elementor-element-e37b0c0 e-flex e-con-boxed e-con e-parent\" data-id=\"e37b0c0\" data-element_type=\"container\" data-e-type=\"container\">\n\t\t\t\t\t<div class=\"e-con-inner\">\n\t\t<div class=\"elementor-element elementor-element-04f5251 e-con-full e-flex e-con e-child\" data-id=\"04f5251\" data-element_type=\"container\" data-e-type=\"container\">\n\t\t\t\t<div class=\"elementor-element elementor-element-24fb3d8 elementor-widget__width-inherit elementor-widget elementor-widget-hub_fancy_heading lqd-el-has-inner-anim\" data-id=\"24fb3d8\" data-element_type=\"widget\" data-e-type=\"widget\" data-settings=\"{&quot;enable_split&quot;:&quot;true&quot;,&quot;split_type&quot;:&quot;lines&quot;}\" data-widget_type=\"hub_fancy_heading.default\">\n\t\t\t\t<div class=\"elementor-widget-container\">\n\t\t\t\t\t\n\t\t<div id=\"ld-fancy-heading-69dc4a58c01cb\" class=\"ld-fancy-heading pos-rel mask-text\">\n\t\t\t<h3 class=\"ld-fh-element d-inline-block pos-rel  elementor-heading-title lqd-highlight-classic lqd-highlight-grow-left lqd-split-lines h3\"  data-split-text=\"true\" data-split-options='{\"type\":\"lines\"}'> Flora<\/h3>\t\t<\/div>\n\n\t\t\t\t\t\t<\/div>\n\t\t\t\t<\/div>\n\t\t\t\t<div class=\"elementor-element elementor-element-d67d93e elementor-widget__width-initial elementor-align-left elementor-widget elementor-widget-ld_icon_box\" data-id=\"d67d93e\" data-element_type=\"widget\" data-e-type=\"widget\" data-widget_type=\"ld_icon_box.default\">\n\t\t\t\t<div class=\"elementor-widget-container\">\n\t\t\t\t\t\n\t\t\t<div id=\"ld_icon_box_d67d93e\" class=\"iconbox d-flex flex-grow-1 pos-rel iconbox-side iconbox-icon-shaped iconbox-circle\"   >\n\n\t\t\t\t\n\t\t\t\t<div class=\"iconbox-icon-wrap  \"><div class=\"iconbox-icon-container d-inline-flex pos-rel z-index-1 border-radius-circle\"><img decoding=\"async\" src=\"\" class=\"lqd-image-icon\" alt=\"\" \/><\/div><\/div>\n\t\t\t\t\n\t\t\t\t<div class=\"contents \">\n\t\t\t\t\n\t\t\t\t\t\t\t\t<p>En la regi\u00f3n de pajonales del ecosistema p\u00e1ramo, la mayor\u00eda de la superficie est\u00e1 cubierta por pastos naturales, destacando la paja (Stipa ichu) que se asocia con otras hierbas como pata de conejo, sigse, picso, cuchicaca, venado cacho, churo yuyo, y lirios de p\u00e1ramos, entre otras<\/p>\n\t\t\t\t\n\t\t\t\t<\/div>\n\t\t\t\t\n\t\t\t<\/div>\n\n\t\t\t\t\t\t<\/div>\n\t\t\t\t<\/div>\n\t\t\t\t<div class=\"elementor-element elementor-element-c91a9e7 elementor-widget__width-initial elementor-align-left elementor-widget elementor-widget-ld_icon_box\" data-id=\"c91a9e7\" data-element_type=\"widget\" data-e-type=\"widget\" data-widget_type=\"ld_icon_box.default\">\n\t\t\t\t<div class=\"elementor-widget-container\">\n\t\t\t\t\t\n\t\t\t<div id=\"ld_icon_box_c91a9e7\" class=\"iconbox d-flex flex-grow-1 pos-rel iconbox-side iconbox-icon-shaped iconbox-circle\"   >\n\n\t\t\t\t\n\t\t\t\t<div class=\"iconbox-icon-wrap  \"><div class=\"iconbox-icon-container d-inline-flex pos-rel z-index-1 border-radius-circle\"><img decoding=\"async\" src=\"\" class=\"lqd-image-icon\" alt=\"\" \/><\/div><\/div>\n\t\t\t\t\n\t\t\t\t<div class=\"contents \">\n\t\t\t\t\n\t\t\t\t\t\t\t\t<p>Estos bosques, compuestos por diversas especies como Yagual, pikil, Idinshi, Yanalulu, Laydibu, Yuraksisa, Cacho de venado, Chilca, Pumamaqui, Sigsig, Chachacoma, Pujin, Yacuyuyu, Saucu, Piquil, Pazza, Cashalulu, Quishuar, Pululuc, Puily, Laurel, Challamillic, Sumpillu, Morti\u00f1os, Manzana de p\u00e1ramo, Pillullu, Urcu mora, y Urcu manzana, se asientan en suelos profundos y h\u00famedos.<\/p>\n\t\t\t\t\n\t\t\t\t<\/div>\n\t\t\t\t\n\t\t\t<\/div>\n\n\t\t\t\t\t\t<\/div>\n\t\t\t\t<\/div>\n\t\t\t\t<div class=\"elementor-element elementor-element-bb5b454 elementor-widget__width-initial elementor-align-left elementor-widget elementor-widget-ld_icon_box\" data-id=\"bb5b454\" data-element_type=\"widget\" data-e-type=\"widget\" data-widget_type=\"ld_icon_box.default\">\n\t\t\t\t<div class=\"elementor-widget-container\">\n\t\t\t\t\t\n\t\t\t<div id=\"ld_icon_box_bb5b454\" class=\"iconbox d-flex flex-grow-1 pos-rel iconbox-side iconbox-icon-shaped iconbox-circle\"   >\n\n\t\t\t\t\n\t\t\t\t<div class=\"iconbox-icon-wrap  \"><div class=\"iconbox-icon-container d-inline-flex pos-rel z-index-1 border-radius-circle\"><img decoding=\"async\" src=\"\" class=\"lqd-image-icon\" alt=\"\" \/><\/div><\/div>\n\t\t\t\t\n\t\t\t\t<div class=\"contents \">\n\t\t\t\t\n\t\t\t\t\t\t\t\t<p>Los bosques nativos y chaparros, ubicados sobre los 3.600 msnm cerca de los cursos de agua, abarcan alrededor del 26 % del \u00e1rea total del p\u00e1ramo, ocupando aproximadamente 1.600 hect\u00e1reas.<\/p>\n\t\t\t\t\n\t\t\t\t<\/div>\n\t\t\t\t\n\t\t\t<\/div>\n\n\t\t\t\t\t\t<\/div>\n\t\t\t\t<\/div>\n\t\t\t\t<div class=\"elementor-element elementor-element-0e5f88f elementor-widget__width-initial elementor-align-left elementor-widget elementor-widget-ld_icon_box\" data-id=\"0e5f88f\" data-element_type=\"widget\" data-e-type=\"widget\" data-widget_type=\"ld_icon_box.default\">\n\t\t\t\t<div class=\"elementor-widget-container\">\n\t\t\t\t\t\n\t\t\t<div id=\"ld_icon_box_0e5f88f\" class=\"iconbox d-flex flex-grow-1 pos-rel iconbox-side iconbox-icon-shaped iconbox-circle\"   >\n\n\t\t\t\t\n\t\t\t\t<div class=\"iconbox-icon-wrap  \"><div class=\"iconbox-icon-container d-inline-flex pos-rel z-index-1 border-radius-circle\"><img decoding=\"async\" src=\"\" class=\"lqd-image-icon\" alt=\"\" \/><\/div><\/div>\n\t\t\t\t\n\t\t\t\t<div class=\"contents \">\n\t\t\t\t\n\t\t\t\t\t\t\t\t<p>Las zonas de chaparros (arbustos) ocupan una extensa \u00e1rea, especialmente en el sector medio y bajo del p\u00e1ramo, cerca de los r\u00edos Unabana, Casahuala, y otros. Entre las especies predominantes se encuentran Ata, Morti\u00f1o, Ig\u00fcil\u00edn, Cubillin, Cuchicaca, Mucu yuyu.<\/p>\n\t\t\t\t\n\t\t\t\t<\/div>\n\t\t\t\t\n\t\t\t<\/div>\n\n\t\t\t\t\t\t<\/div>\n\t\t\t\t<\/div>\n\t\t\t\t<\/div>\n\t\t<div data-custom-animations=\"true\" data-ca-options=\"{&quot;addChildTimelines&quot;:false,&quot;trigger&quot;:&quot;firstChild&quot;,&quot;animationTarget&quot;:&quot;:scope .e-con-inner &gt; .elementor-element:not(.lqd-exclude-parent-ca) &gt; .elementor-widget-container, :scope .e-con-inner &gt; .elementor-widget-hub_fancy_heading .lqd-split-lines .lqd-lines .split-inner, :scope .e-con-inner &gt; .elementor-widget-hub_fancy_heading .lqd-split-words .lqd-words .split-inner, :scope .e-con-inner &gt; .elementor-widget-hub_fancy_heading .lqd-split-chars .lqd-chars .split-inner, :scope .e-con-inner &gt; .elementor-widget-hub_fancy_heading .lqd-adv-txt-fig, :scope .e-con-inner &gt; .elementor-widget-ld_custom_menu .lqd-fancy-menu &gt; ul &gt; li, :scope .e-con:not([data-parallax]) .elementor-element &gt; .elementor-widget-container, :scope .e-con:not([data-parallax]) .elementor-widget-hub_fancy_heading .lqd-split-lines .lqd-lines .split-inner, :scope .e-con:not([data-parallax]) .elementor-widget-hub_fancy_heading .lqd-split-words .lqd-words .split-inner, :scope .e-con:not([data-parallax]) .elementor-widget-hub_fancy_heading .lqd-split-chars .lqd-chars .split-inner, :scope .e-con:not([data-parallax]) .elementor-widget-ld_custom_menu .lqd-fancy-menu &gt; ul &gt; li&quot;,&quot;duration&quot;:750,&quot;startDelay&quot;:350,&quot;delay&quot;:55,&quot;ease&quot;:&quot;expo.out&quot;,&quot;initValues&quot;:{&quot;x&quot;:&quot;-100px&quot;,&quot;rotationY&quot;:40,&quot;opacity&quot;:0,&quot;transformOrigin&quot;:&quot;50% 50% 0px&quot;},&quot;animations&quot;:{&quot;x&quot;:&quot;0px&quot;,&quot;rotationY&quot;:0,&quot;opacity&quot;:1,&quot;transformOrigin&quot;:&quot;50% 50% 0px&quot;}}\" class=\"elementor-element elementor-element-5cd287d e-flex e-con-boxed e-con e-child\" data-id=\"5cd287d\" data-element_type=\"container\" data-e-type=\"container\">\n\t\t\t\t\t<div class=\"e-con-inner\">\n\t\t\t\t<div class=\"elementor-element elementor-element-41f6d22 elementor-absolute elementor-widget__width-initial elementor-widget elementor-widget-ld_animated_blob\" data-id=\"41f6d22\" data-element_type=\"widget\" data-e-type=\"widget\" data-settings=\"{&quot;_position&quot;:&quot;absolute&quot;}\" data-widget_type=\"ld_animated_blob.default\">\n\t\t\t\t<div class=\"elementor-widget-container\">\n\t\t\t\t\t\n\t\t<figure id=\"lqd-animated-blob-41f6d22\" class=\"lqd-animated-blob\" data-lqd-animated-blob=\"true\" data-blob-options=\"{&quot;id&quot;:&quot;lqd-animated-blob-41f6d22&quot;,&quot;width&quot;:500,&quot;height&quot;:492,&quot;radius&quot;:150,&quot;speed&quot;:1,&quot;amplitude&quot;:1,&quot;anchorPoints&quot;:4,&quot;gradientType&quot;:&quot;linear&quot;,&quot;colors&quot;:[&quot;#2B259166&quot;]}\">\n\t\t\t<svg viewBox=\"0 0 500 492\" width=\"500\" height=\"492\">\n\t\t\t<\/svg>\n\t\t<\/figure>\n\n\t\t\t\t\t\t<\/div>\n\t\t\t\t<\/div>\n\t\t\t\t<div class=\"elementor-element elementor-element-3acc784 elementor-widget__width-initial elementor-absolute elementor-widget elementor-widget-ld_fancy_image\" data-id=\"3acc784\" data-element_type=\"widget\" data-e-type=\"widget\" data-settings=\"{&quot;_position&quot;:&quot;absolute&quot;}\" data-widget_type=\"ld_fancy_image.default\">\n\t\t\t\t<div class=\"elementor-widget-container\">\n\t\t\t\t\t\n\t\t<div class=\"lqd-imggrp-single d-block pos-rel \" data-shadow-style=\"4\">\n\t\t\t<div class=\"lqd-imggrp-img-container d-inline-flex pos-rel align-items-center justify-content-center \">\n\t\t\t\t\t\t\t\t<figure class=\"w-100 pos-rel\">\n\t\t\t\t\t<img fetchpriority=\"high\" decoding=\"async\" width=\"1114\" height=\"620\" src=\"https:\/\/gadquisapincha.gob.ec\/wp-content\/uploads\/2023\/12\/flora02.webp\" class=\"attachment-full size-full wp-image-9973\" alt=\"\" srcset=\"https:\/\/gadquisapincha.gob.ec\/wp-content\/uploads\/2023\/12\/flora02.webp 1114w, https:\/\/gadquisapincha.gob.ec\/wp-content\/uploads\/2023\/12\/flora02-300x167.webp 300w, https:\/\/gadquisapincha.gob.ec\/wp-content\/uploads\/2023\/12\/flora02-1024x570.webp 1024w, https:\/\/gadquisapincha.gob.ec\/wp-content\/uploads\/2023\/12\/flora02-720x400.webp 720w\" sizes=\"(max-width: 1114px) 100vw, 1114px\" itemprop=\"image\" \/>\t\t\t\t\t\t\t\t\t\t\t\t\t\t\t\t\t\t\t\t\t\t\t\t\t\t\t\t\t<\/figure>\n\t\t\t<\/div>\n\t\t<\/div>\n\n\t\t\t\t\t<\/div>\n\t\t\t\t<\/div>\n\t\t\t\t<div class=\"elementor-element elementor-element-eb4c312 elementor-widget__width-initial elementor-widget elementor-widget-ld_fancy_image\" data-id=\"eb4c312\" data-element_type=\"widget\" data-e-type=\"widget\" data-widget_type=\"ld_fancy_image.default\">\n\t\t\t\t<div class=\"elementor-widget-container\">\n\t\t\t\t\t\n\t\t<div class=\"lqd-imggrp-single d-block pos-rel \" data-shadow-style=\"4\">\n\t\t\t<div class=\"lqd-imggrp-img-container d-inline-flex pos-rel align-items-center justify-content-center \">\n\t\t\t\t\t\t\t\t<figure class=\"w-100 pos-rel\">\n\t\t\t\t\t<img decoding=\"async\" width=\"640\" height=\"388\" src=\"data:image\/svg+xml;charset=utf-8,%3Csvg xmlns%3D&#039;http%3A%2F%2Fwww.w3.org%2F2000%2Fsvg&#039; viewBox%3D&#039;0 0 640 388&#039;%2F%3E\" class=\"attachment-full size-full wp-image-9972 ld-lazyload\" alt=\"\" itemprop=\"image\" data-src=\"https:\/\/gadquisapincha.gob.ec\/wp-content\/uploads\/2023\/12\/flora03.webp\" data-srcset=\"https:\/\/gadquisapincha.gob.ec\/wp-content\/uploads\/2023\/12\/flora03.webp 640w, https:\/\/gadquisapincha.gob.ec\/wp-content\/uploads\/2023\/12\/flora03-300x182.webp 300w\" data-sizes=\"(max-width: 640px) 100vw, 640px\" data-aspect=\"1.6494845360825\" \/>\t\t\t\t\t\t\t\t\t\t\t\t\t\t\t\t\t\t\t\t\t\t\t\t\t\t\t\t\t<\/figure>\n\t\t\t<\/div>\n\t\t<\/div>\n\n\t\t\t\t\t<\/div>\n\t\t\t\t<\/div>\n\t\t\t\t\t<\/div>\n\t\t\t\t<\/div>\n\t\t\t\t\t<\/div>\n\t\t\t\t<\/div>\n\t\t<div class=\"elementor-element elementor-element-77df449 e-flex e-con-boxed e-con e-parent\" data-id=\"77df449\" data-element_type=\"container\" data-e-type=\"container\">\n\t\t\t\t\t<div class=\"e-con-inner\">\n\t\t<div class=\"elementor-element elementor-element-42a8da7 e-con-full e-flex e-con e-child\" data-id=\"42a8da7\" data-element_type=\"container\" data-e-type=\"container\">\n\t\t\t\t<div class=\"elementor-element elementor-element-4259196 elementor-widget elementor-widget-image\" data-id=\"4259196\" data-element_type=\"widget\" data-e-type=\"widget\" data-widget_type=\"image.default\">\n\t\t\t\t<div class=\"elementor-widget-container\">\n\t\t\t\t\t\t\t\t\t\t\t\t\t\t\t<img decoding=\"async\" width=\"780\" height=\"405\" src=\"data:image\/svg+xml;charset=utf-8,%3Csvg xmlns%3D&#039;http%3A%2F%2Fwww.w3.org%2F2000%2Fsvg&#039; viewBox%3D&#039;0 0 1024 532&#039;%2F%3E\" class=\"attachment-large size-large wp-image-9974 ld-lazyload\" alt=\"\" data-src=\"https:\/\/gadquisapincha.gob.ec\/wp-content\/uploads\/2023\/12\/flora01-e1702259147967-1024x532.webp\" data-srcset=\"https:\/\/gadquisapincha.gob.ec\/wp-content\/uploads\/2023\/12\/flora01-e1702259147967-1024x532.webp 1024w, https:\/\/gadquisapincha.gob.ec\/wp-content\/uploads\/2023\/12\/flora01-e1702259147967-300x156.webp 300w, https:\/\/gadquisapincha.gob.ec\/wp-content\/uploads\/2023\/12\/flora01-e1702259147967-1140x594.webp 1140w, https:\/\/gadquisapincha.gob.ec\/wp-content\/uploads\/2023\/12\/flora01-e1702259147967-768x399.webp 768w, https:\/\/gadquisapincha.gob.ec\/wp-content\/uploads\/2023\/12\/flora01-e1702259147967.webp 1144w\" data-sizes=\"(max-width: 780px) 100vw, 780px\" data-aspect=\"1.9248120300752\" \/>\t\t\t\t\t\t\t\t\t\t\t\t\t\t\t<\/div>\n\t\t\t\t<\/div>\n\t\t\t\t<\/div>\n\t\t<div class=\"elementor-element elementor-element-a057bd2 e-con-full e-flex e-con e-child\" data-id=\"a057bd2\" data-element_type=\"container\" data-e-type=\"container\">\n\t\t\t\t<div class=\"elementor-element elementor-element-1392a5c elementor-widget__width-inherit elementor-widget elementor-widget-hub_fancy_heading lqd-el-has-inner-anim\" data-id=\"1392a5c\" data-element_type=\"widget\" data-e-type=\"widget\" data-settings=\"{&quot;enable_split&quot;:&quot;true&quot;,&quot;split_type&quot;:&quot;lines&quot;}\" data-widget_type=\"hub_fancy_heading.default\">\n\t\t\t\t<div class=\"elementor-widget-container\">\n\t\t\t\t\t\n\t\t<div id=\"ld-fancy-heading-69dc4a58de16f\" class=\"ld-fancy-heading pos-rel mask-text\">\n\t\t\t<h3 class=\"ld-fh-element d-inline-block pos-rel  elementor-heading-title lqd-highlight-classic lqd-highlight-grow-left lqd-split-lines h3\"  data-split-text=\"true\" data-split-options='{\"type\":\"lines\"}'> Fauna<\/h3>\t\t<\/div>\n\n\t\t\t\t\t\t<\/div>\n\t\t\t\t<\/div>\n\t\t\t\t<div class=\"elementor-element elementor-element-c082498 elementor-widget elementor-widget-hub_fancy_heading\" data-id=\"c082498\" data-element_type=\"widget\" data-e-type=\"widget\" data-widget_type=\"hub_fancy_heading.default\">\n\t\t\t\t<div class=\"elementor-widget-container\">\n\t\t\t\t\t\n\t\t<div id=\"ld-fancy-heading-69dc4a58deb98\" class=\"ld-fancy-heading pos-rel\">\n\t\t\t<p class=\"ld-fh-element d-inline-block pos-rel  lqd-highlight-classic lqd-highlight-grow-left p\"  > La fauna en los p\u00e1ramos de la zona es diversa, encontr\u00e1ndose: tililico, jutiu, gligli, conejos, chinirraco\/caucu (p\u00e1jaro), rucu, lobos, venados, mirlos, wirak churo, wishilpas, colibr\u00edes (de varias especies), patitos, tunguis, kurikinke, anka, pukunku, golondrinas, yuto, terezapishcu, urpi, torcaza, kinde, chikillu, taruka, a\u00f1a, chukuri, rapoza, rat\u00f3n, guayanas, condurillu, gavil\u00e1n.\n<br>En la zona de amortiguamiento la forma de pastoreo de los animales mayores (vacas, ovinos, caballos, burros, mulas, cerdos) es de car\u00e1cter extensivo, sin ning\u00fan tipo de control, ni de los espacios de pastoreo ni en sanidad animal, adem\u00e1s estos animales se encuentran de manera permanente y solo son rodeados de una a dos veces por semana por las personas due\u00f1as de los animales, para evitar que se pasen a comunidades vecinas o sean v\u00edctimas del abigeato.<\/p>\t\t<\/div>\n\n\t\t\t\t\t\t<\/div>\n\t\t\t\t<\/div>\n\t\t\t\t<\/div>\n\t\t\t\t\t<\/div>\n\t\t\t\t<\/div>\n\t\t\t\t<section class=\"elementor-section elementor-top-section elementor-element elementor-element-2543c0f elementor-section-full_width elementor-section-height-default elementor-section-height-default\" data-id=\"2543c0f\" data-element_type=\"section\" data-e-type=\"section\" data-settings=\"{&quot;background_background&quot;:&quot;classic&quot;}\">\n\t\t\t\t\t\t<div class=\"elementor-container elementor-column-gap-no\">\n\t\t\t\t\t<div class=\"elementor-column elementor-col-100 elementor-top-column elementor-element elementor-element-931b82e\" data-id=\"931b82e\" data-element_type=\"column\" data-e-type=\"column\">\n\t\t\t<div class=\"elementor-widget-wrap elementor-element-populated\">\n\t\t\t\t\t\t<div class=\"elementor-element elementor-element-02e6816 elementor-widget elementor-widget-ld_carousel\" data-id=\"02e6816\" data-element_type=\"widget\" data-e-type=\"widget\" data-widget_type=\"ld_carousel.default\">\n\t\t\t\t<div class=\"elementor-widget-container\">\n\t\t\t\t\t\n\t\t<div class=\"carousel-container pos-rel carousel-nav-shaped\" id=\"\" >\n\n\t\t\t<div class=\"carousel-items pos-rel \"  data-lqd-flickity='{\"percentPosition\":false,\"columnsAutoWidth\":true,\"marquee\":true,\"draggable\":false,\"pauseAutoPlayOnHover\":false}'>\n\n\t\t\t\t\t\t\t\t<div class=\"flickity-viewport pos-rel w-100 overflow-hidden\">\n\t\t\t\t\t<div class=\"flickity-slider d-flex w-100 h-100 pos-rel align-items-start\" style=\"left: 0; transform: translateX(0%);\">\n\t\t\t\t\t\t\t\t\t\t\t\t\t<div class=\"carousel-item d-flex flex-column justify-content-center elementor-repeater-item-9ccd5a4\">\n\t\t\t\t\t\t\t\t<div class=\"carousel-item-inner pos-rel w-100\">\n\t\t\t\t\t\t\t\t\t<div class=\"carousel-item-content pos-rel w-100\">\n\n\t\t\t\t\t\t\t\t\t\t<h2 style=\"margin: 0; font-size: inherit; line-height: inherit; white-space: nowrap; padding-bottom: .1em; background: linear-gradient(to right, #fbced1, #dc6169, #d6101d); -webkit-background-clip: text !important; background-clip: text !important; -webkit-text-fill-color: transparent !important; text-fill-color: transparent !important;\"><strong>Gobierno Aut\u00f3nomo Descentralizado<\/strong><\/h2>\t\t\t\t\t\t\t\t\t<\/div>\n\t\t\t\t\t\t\t\t<\/div>\n\t\t\t\t\t\t\t<\/div>\n\t\t\t\t\t\t\t\t\t\t\t\t\t<div class=\"carousel-item d-flex flex-column justify-content-center elementor-repeater-item-e76d876\">\n\t\t\t\t\t\t\t\t<div class=\"carousel-item-inner pos-rel w-100\">\n\t\t\t\t\t\t\t\t\t<div class=\"carousel-item-content pos-rel w-100\">\n\n\t\t\t\t\t\t\t\t\t\t<h2 style=\"margin: 0; font-size: inherit; line-height: inherit; white-space: nowrap; padding-bottom: .1em; background: linear-gradient(to right, #fbced1, #dc6169, #d6101d); -webkit-background-clip: text !important; background-clip: text !important; -webkit-text-fill-color: transparent !important; text-fill-color: transparent !important;\"><strong>Gobierno Aut\u00f3nomo Descentralizado<\/strong><\/h2>\t\t\t\t\t\t\t\t\t<\/div>\n\t\t\t\t\t\t\t\t<\/div>\n\t\t\t\t\t\t\t<\/div>\n\t\t\t\t\t\t\t\t\t\t\t<\/div>\n\t\t\t\t<\/div>\n\t\t\t<\/div>\n\t\t\t\n\t\t\t\n\t\t<\/div>\n\t\t\t\t\t\t<\/div>\n\t\t\t\t<\/div>\n\t\t\t\t<div class=\"elementor-element elementor-element-eddc14f elementor-widget elementor-widget-ld_carousel\" data-id=\"eddc14f\" data-element_type=\"widget\" data-e-type=\"widget\" data-widget_type=\"ld_carousel.default\">\n\t\t\t\t<div class=\"elementor-widget-container\">\n\t\t\t\t\t\n\t\t<div class=\"carousel-container pos-rel carousel-nav-shaped\" id=\"\" >\n\n\t\t\t<div class=\"carousel-items pos-rel \"  data-lqd-flickity='{\"percentPosition\":false,\"columnsAutoWidth\":true,\"marquee\":true,\"rightToLeft\":true,\"draggable\":false,\"pauseAutoPlayOnHover\":false}'>\n\n\t\t\t\t\t\t\t\t<div class=\"flickity-viewport pos-rel w-100 overflow-hidden\">\n\t\t\t\t\t<div class=\"flickity-slider d-flex w-100 h-100 pos-rel align-items-start\" style=\"right: 0; transform: translateX(0%);\">\n\t\t\t\t\t\t\t\t\t\t\t\t\t<div class=\"carousel-item d-flex flex-column justify-content-center elementor-repeater-item-0d7bbf3\">\n\t\t\t\t\t\t\t\t<div class=\"carousel-item-inner pos-rel w-100\">\n\t\t\t\t\t\t\t\t\t<div class=\"carousel-item-content pos-rel w-100\">\n\n\t\t\t\t\t\t\t\t\t\t<h2 style=\"margin: 0; font-size: inherit; line-height: inherit; white-space: nowrap; -webkit-text-stroke-color: #000; -webkit-text-stroke-width: 1px; color: transparent; padding-bottom: .1em;\">Rural Quisapincha<\/h2>\t\t\t\t\t\t\t\t\t<\/div>\n\t\t\t\t\t\t\t\t<\/div>\n\t\t\t\t\t\t\t<\/div>\n\t\t\t\t\t\t\t\t\t\t\t\t\t<div class=\"carousel-item d-flex flex-column justify-content-center elementor-repeater-item-0b1a194\">\n\t\t\t\t\t\t\t\t<div class=\"carousel-item-inner pos-rel w-100\">\n\t\t\t\t\t\t\t\t\t<div class=\"carousel-item-content pos-rel w-100\">\n\n\t\t\t\t\t\t\t\t\t\t<h2 style=\"margin: 0; font-size: inherit; line-height: inherit; white-space: nowrap; -webkit-text-stroke-color: #000; -webkit-text-stroke-width: 1px; color: transparent; padding-bottom: .1em;\">Rural Quisapincha<\/h2>\t\t\t\t\t\t\t\t\t<\/div>\n\t\t\t\t\t\t\t\t<\/div>\n\t\t\t\t\t\t\t<\/div>\n\t\t\t\t\t\t\t\t\t\t\t<\/div>\n\t\t\t\t<\/div>\n\t\t\t<\/div>\n\t\t\t\n\t\t\t\n\t\t<\/div>\n\t\t\t\t\t\t<\/div>\n\t\t\t\t<\/div>\n\t\t\t\t\t<\/div>\n\t\t<\/div>\n\t\t\t\t\t<\/div>\n\t\t<\/section>\n\t\t\t\t<\/div>\n\t\t","protected":false},"excerpt":{"rendered":"<p>Flora En la regi\u00f3n de pajonales del ecosistema p\u00e1ramo, la mayor\u00eda de la superficie est\u00e1 cubierta por pastos naturales, destacando la paja (Stipa ichu) que se asocia con otras hierbas como pata de conejo, sigse, picso, cuchicaca, venado cacho, churo yuyo, y lirios de p\u00e1ramos, entre otras Estos bosques, compuestos por diversas especies como Yagual, [&hellip;]<\/p>\n","protected":false},"author":1,"featured_media":0,"parent":0,"menu_order":0,"comment_status":"closed","ping_status":"closed","template":"","meta":{"footnotes":""},"class_list":["post-8062","page","type-page","status-publish","hentry"],"_links":{"self":[{"href":"https:\/\/gadquisapincha.gob.ec\/index.php\/wp-json\/wp\/v2\/pages\/8062","targetHints":{"allow":["GET"]}}],"collection":[{"href":"https:\/\/gadquisapincha.gob.ec\/index.php\/wp-json\/wp\/v2\/pages"}],"about":[{"href":"https:\/\/gadquisapincha.gob.ec\/index.php\/wp-json\/wp\/v2\/types\/page"}],"author":[{"embeddable":true,"href":"https:\/\/gadquisapincha.gob.ec\/index.php\/wp-json\/wp\/v2\/users\/1"}],"replies":[{"embeddable":true,"href":"https:\/\/gadquisapincha.gob.ec\/index.php\/wp-json\/wp\/v2\/comments?post=8062"}],"version-history":[{"count":55,"href":"https:\/\/gadquisapincha.gob.ec\/index.php\/wp-json\/wp\/v2\/pages\/8062\/revisions"}],"predecessor-version":[{"id":11599,"href":"https:\/\/gadquisapincha.gob.ec\/index.php\/wp-json\/wp\/v2\/pages\/8062\/revisions\/11599"}],"wp:attachment":[{"href":"https:\/\/gadquisapincha.gob.ec\/index.php\/wp-json\/wp\/v2\/media?parent=8062"}],"curies":[{"name":"wp","href":"https:\/\/api.w.org\/{rel}","templated":true}]}}