{"id":7204,"date":"2023-11-29T03:46:06","date_gmt":"2023-11-29T02:46:06","guid":{"rendered":"https:\/\/gadquisapincha.gob.ec\/?page_id=7204"},"modified":"2023-12-19T18:13:13","modified_gmt":"2023-12-19T17:13:13","slug":"quindialo","status":"publish","type":"page","link":"https:\/\/gadquisapincha.gob.ec\/index.php\/quindialo\/","title":{"rendered":"Quindial\u00f3"},"content":{"rendered":"\t\t<div data-elementor-type=\"wp-page\" data-elementor-id=\"7204\" class=\"elementor elementor-7204\" data-elementor-post-type=\"page\">\n\t\t\t\t<div class=\"elementor-element elementor-element-aebc1a7 e-flex e-con-boxed e-con e-parent\" data-id=\"aebc1a7\" data-element_type=\"container\" data-e-type=\"container\">\n\t\t\t\t\t<div class=\"e-con-inner\">\n\t\t<div class=\"elementor-element elementor-element-c8efd91 e-con-full e-flex e-con e-child\" data-id=\"c8efd91\" data-element_type=\"container\" data-e-type=\"container\">\n\t\t<div class=\"elementor-element elementor-element-1302f2f6 e-con-full e-flex e-con e-child\" data-id=\"1302f2f6\" data-element_type=\"container\" data-e-type=\"container\">\n\t\t\t\t<div class=\"elementor-element elementor-element-8f0677e elementor-widget__width-initial elementor-widget-mobile__width-inherit elementor-widget elementor-widget-hub_fancy_heading lqd-el-has-inner-anim\" data-id=\"8f0677e\" data-element_type=\"widget\" data-e-type=\"widget\" data-settings=\"{&quot;enable_split&quot;:&quot;true&quot;,&quot;split_type&quot;:&quot;words&quot;}\" data-widget_type=\"hub_fancy_heading.default\">\n\t\t\t\t<div class=\"elementor-widget-container\">\n\t\t\t\t\t\n\t\t<div id=\"ld-fancy-heading-69dd8ed65a68b\" class=\"ld-fancy-heading pos-rel\">\n\t\t\t<h2 class=\"ld-fh-element d-inline-block pos-rel  elementor-heading-title lqd-highlight-classic lqd-highlight-grow-left lqd-split-words h2\"  data-split-text=\"true\" data-split-options='{\"type\":\"words\"}'> Comunidad de Quindial\u00f3<\/h2>\t\t<\/div>\n\n\t\t\t\t\t\t<\/div>\n\t\t\t\t<\/div>\n\t\t\t\t<div class=\"elementor-element elementor-element-6c8062d9 elementor-widget__width-initial elementor-widget elementor-widget-ld_tabs\" data-id=\"6c8062d9\" data-element_type=\"widget\" data-e-type=\"widget\" data-widget_type=\"ld_tabs.default\">\n\t\t\t\t<div class=\"elementor-widget-container\">\n\t\t\t\t\t\t\t<div class=\"lqd-tabs lqd-tabs-style-12 lqd-tabs-nav-plain d-flex lqd-tabs-nav-items-not-expanded flex-column 6c8062d9 lqd-nav-underline-default\" data-tabs-options=\"{&quot;trigger&quot;:&quot;click&quot;}\">\n\n\t\t\t<nav class=\"lqd-tabs-nav-wrap mb-6\">\n\t\t\t\t<ul class=\"reset-ul lqd-tabs-nav d-flex align-items-center flex-wrap justify-content-center pos-rel\" role=\"tablist\"><li data-controls=\"lqd-tab-1821\" role=\"presentation\" class=\"elementor-repeater-item-f239dd1 active mb-3\"><a class=\"d-flex align-items-center\" href=\"#lqd-tab-1821\" data-bs-target=\"#lqd-tab-1821\" aria-expanded=\"false\" aria-controls=\"lqd-tab-1821\" role=\"tab\" data-toggle=\"tab\" data-bs-toggle=\"tab\"><span class=\"lqd-tabs-nav-txt\">AGRICULTURA<\/span><\/a><\/li><li data-controls=\"lqd-tab-1822\" role=\"presentation\" class=\"elementor-repeater-item-930dd7b mb-3\"><a class=\"d-flex align-items-center\" href=\"#lqd-tab-1822\" data-bs-target=\"#lqd-tab-1822\" aria-expanded=\"false\" aria-controls=\"lqd-tab-1822\" role=\"tab\" data-toggle=\"tab\" data-bs-toggle=\"tab\"><span class=\"lqd-tabs-nav-txt\">DEPORTES<\/span><\/a><\/li><\/ul>\t\t\t\t\t\t\t<\/nav>\n\n\t\t\t<div class=\"lqd-tabs-content pos-rel\"><div id=\"lqd-tab-1821\" role=\"tabpanel\" class=\"lqd-tabs-pane fade active in\"><p><img fetchpriority=\"high\" decoding=\"async\" class=\"aligncenter wp-image-9187 size-full\" src=\"https:\/\/gadquisapincha.gob.ec\/wp-content\/uploads\/2023\/12\/quindialo02.webp\" alt=\"\" width=\"1000\" height=\"750\" srcset=\"https:\/\/gadquisapincha.gob.ec\/wp-content\/uploads\/2023\/12\/quindialo02.webp 1000w, https:\/\/gadquisapincha.gob.ec\/wp-content\/uploads\/2023\/12\/quindialo02-300x225.webp 300w\" sizes=\"(max-width: 1000px) 100vw, 1000px\" \/><\/p><p><strong>CRIANZA DE CUYES<\/strong><\/p><p>Los Moradores de la Comunidad de Quindial\u00f3 se dedica a la Crianza de Cuyes donde est\u00e1n emprendiendo su propio negocio. En el cual es una manera de obtener un ingreso extra para la familia.<\/p> <\/div><div id=\"lqd-tab-1822\" role=\"tabpanel\" class=\"lqd-tabs-pane fade\"><p><img decoding=\"async\" class=\"aligncenter wp-image-9190 size-full\" src=\"https:\/\/gadquisapincha.gob.ec\/wp-content\/uploads\/2023\/12\/quindialo05.webp\" alt=\"\" width=\"660\" height=\"237\" srcset=\"https:\/\/gadquisapincha.gob.ec\/wp-content\/uploads\/2023\/12\/quindialo05.webp 660w, https:\/\/gadquisapincha.gob.ec\/wp-content\/uploads\/2023\/12\/quindialo05-300x108.webp 300w\" sizes=\"(max-width: 660px) 100vw, 660px\" \/><\/p><p><strong>LIGA BARRIAL QUINDIAL\u00d3<\/strong><\/p><p>Realizan Campeonatos de Futbol de Hombres donde participan los moradores y tambi\u00e9n hacen una cordial invitaci\u00f3n a participar a las personas que les gusta el Deporte.<\/p> <\/div><\/div>\n\t\t<\/div>\n\t\t\t\t\t<\/div>\n\t\t\t\t<\/div>\n\t\t\t\t<\/div>\n\t\t\t\t<\/div>\n\t\t<div class=\"elementor-element elementor-element-3374a8a e-con-full e-flex e-con e-child\" data-id=\"3374a8a\" data-element_type=\"container\" data-e-type=\"container\">\n\t\t<div class=\"lqd-css-sticky elementor-element elementor-element-3a2de3a e-con-full e-flex e-con e-child\" style=\"top: auto; top: 30px;\" data-id=\"3a2de3a\" data-element_type=\"container\" data-e-type=\"container\">\n\t\t\t\t<div class=\"elementor-element elementor-element-3d55849b elementor-widget elementor-widget-ld_fancy_image\" data-id=\"3d55849b\" data-element_type=\"widget\" data-e-type=\"widget\" data-widget_type=\"ld_fancy_image.default\">\n\t\t\t\t<div class=\"elementor-widget-container\">\n\t\t\t\t\t\n\t\t<div class=\"lqd-imggrp-single d-block pos-rel \">\n\t\t\t<div class=\"lqd-imggrp-img-container d-inline-flex pos-rel align-items-center justify-content-center \">\n\t\t\t\t\t\t\t\t<figure class=\"w-100 pos-rel\">\n\t\t\t\t\t<img decoding=\"async\" width=\"912\" height=\"1224\" src=\"https:\/\/gadquisapincha.gob.ec\/wp-content\/uploads\/2023\/12\/quindialo04.webp\" class=\"attachment-full size-full wp-image-9185\" alt=\"\" srcset=\"https:\/\/gadquisapincha.gob.ec\/wp-content\/uploads\/2023\/12\/quindialo04.webp 912w, https:\/\/gadquisapincha.gob.ec\/wp-content\/uploads\/2023\/12\/quindialo04-224x300.webp 224w, https:\/\/gadquisapincha.gob.ec\/wp-content\/uploads\/2023\/12\/quindialo04-763x1024.webp 763w\" sizes=\"(max-width: 912px) 100vw, 912px\" itemprop=\"image\" \/>\t\t\t\t\t\t\t\t\t\t\t\t\t\t\t\t\t\t\t\t\t\t\t\t\t\t\t\t\t<\/figure>\n\t\t\t<\/div>\n\t\t<\/div>\n\n\t\t\t\t\t<\/div>\n\t\t\t\t<\/div>\n\t\t<div data-custom-animations=\"true\" data-ca-options=\"{&quot;addChildTimelines&quot;:false,&quot;trigger&quot;:&quot;firstChild&quot;,&quot;animationTarget&quot;:&quot;:scope .e-con-inner &gt; .elementor-element:not(.lqd-exclude-parent-ca) &gt; .elementor-widget-container, :scope .e-con-inner &gt; .elementor-widget-hub_fancy_heading .lqd-split-lines .lqd-lines .split-inner, :scope .e-con-inner &gt; .elementor-widget-hub_fancy_heading .lqd-split-words .lqd-words .split-inner, :scope .e-con-inner &gt; .elementor-widget-hub_fancy_heading .lqd-split-chars .lqd-chars .split-inner, :scope .e-con-inner &gt; .elementor-widget-hub_fancy_heading .lqd-adv-txt-fig, :scope .e-con-inner &gt; .elementor-widget-ld_custom_menu .lqd-fancy-menu &gt; ul &gt; li, :scope .e-con:not([data-parallax]) .elementor-element &gt; .elementor-widget-container, :scope .e-con:not([data-parallax]) .elementor-widget-hub_fancy_heading .lqd-split-lines .lqd-lines .split-inner, :scope .e-con:not([data-parallax]) .elementor-widget-hub_fancy_heading .lqd-split-words .lqd-words .split-inner, :scope .e-con:not([data-parallax]) .elementor-widget-hub_fancy_heading .lqd-split-chars .lqd-chars .split-inner, :scope .e-con:not([data-parallax]) .elementor-widget-ld_custom_menu .lqd-fancy-menu &gt; ul &gt; li&quot;,&quot;ease&quot;:[&quot;power4.out&quot;],&quot;initValues&quot;:{&quot;y&quot;:&quot;30px&quot;,&quot;rotationX&quot;:30,&quot;opacity&quot;:0,&quot;transformOrigin&quot;:&quot;50% 50% 0px&quot;},&quot;animations&quot;:{&quot;y&quot;:&quot;0px&quot;,&quot;rotationX&quot;:0,&quot;opacity&quot;:1,&quot;transformOrigin&quot;:&quot;50% 50% 0px&quot;}}\" class=\"elementor-element elementor-element-11a8dbe4 e-flex e-con-boxed e-con e-child\" data-id=\"11a8dbe4\" data-element_type=\"container\" data-e-type=\"container\">\n\t\t\t\t\t<div class=\"e-con-inner\">\n\t\t\t\t<div class=\"elementor-element elementor-element-6eeea0aa elementor-widget-mobile__width-inherit elementor-widget elementor-widget-hub_fancy_heading\" data-id=\"6eeea0aa\" data-element_type=\"widget\" data-e-type=\"widget\" data-widget_type=\"hub_fancy_heading.default\">\n\t\t\t\t<div class=\"elementor-widget-container\">\n\t\t\t\t\t\n\t\t<div id=\"ld-fancy-heading-69dd8ed65ec51\" class=\"ld-fancy-heading pos-rel\">\n\t\t\t<p class=\"ld-fh-element d-inline-block pos-rel  lqd-highlight-classic lqd-highlight-grow-left p\"  > La comunidad de Quindial\u00f3 es Juridica desde 20 de Enero de 1992<\/p>\t\t<\/div>\n\n\t\t\t\t\t\t<\/div>\n\t\t\t\t<\/div>\n\t\t\t\t\t<\/div>\n\t\t\t\t<\/div>\n\t\t\t\t<\/div>\n\t\t\t\t<\/div>\n\t\t\t\t\t<\/div>\n\t\t\t\t<\/div>\n\t\t<div class=\"elementor-element elementor-element-4b5e459 e-flex e-con-boxed e-con e-parent\" data-id=\"4b5e459\" data-element_type=\"container\" data-e-type=\"container\">\n\t\t\t\t\t<div class=\"e-con-inner\">\n\t\t\t\t<div class=\"elementor-element elementor-element-d5c4ee4 elementor-widget elementor-widget-hub_fancy_heading\" data-id=\"d5c4ee4\" data-element_type=\"widget\" data-e-type=\"widget\" data-widget_type=\"hub_fancy_heading.default\">\n\t\t\t\t<div class=\"elementor-widget-container\">\n\t\t\t\t\t\n\t\t<div id=\"ld-fancy-heading-69dd8ed65f197\" class=\"ld-fancy-heading pos-rel\">\n\t\t\t<h2 class=\"ld-fh-element d-inline-block pos-rel  elementor-heading-title lqd-highlight-classic lqd-highlight-grow-left h2\"  > Festividades<\/h2>\t\t<\/div>\n\n\t\t\t\t\t\t<\/div>\n\t\t\t\t<\/div>\n\t\t\t\t<div class=\"elementor-element elementor-element-0695f53 elementor-widget__width-inherit elementor-widget elementor-widget-ld_accordion\" data-id=\"0695f53\" data-element_type=\"widget\" data-e-type=\"widget\" data-widget_type=\"ld_accordion.default\">\n\t\t\t\t<div class=\"elementor-widget-container\">\n\t\t\t\t\t\n\t\t<div class=\"accordion accordion-body-underlined accordion-sm\" id=\"accordion-69dd8ed660337\">\n\t\t\t\t\t\t\t\t\t\t\t\t<div class=\"accordion-item panel  active\">\n\n\t\t\t\t<div class=\"accordion-heading\" id=\"heading-6901\">\n\t\t\t\t<h4 class=\"accordion-title  tabindex=\"-1\">\t\t\t\t\t<a class=\"\" data-toggle=\"collapse\" data-bs-toggle=\"collapse\"\n                    tabindex=\"0\"\n\t\t\t\t\tdata-parent=\"#accordion-69dd8ed660337\" data-bs-parent=\"#accordion-69dd8ed660337\" href=\"#collapse-6901\" data-target=\"#collapse-6901\" data-bs-target=\"#collapse-6901\"\n\t\t\t\t\taria-expanded=\"true\" aria-controls=\"collapse-6901\">\n\t\t\t\t\t\t\t\t\t\t\t\t<span class=\"accordion-title-txt\">Virgen de la Paz<\/span>\n\t\t\t\t\t\t\t\t\t\t\t\t\t<span class=\"accordion-expander\"><i class=\"lqd-icn-ess icon-ion-ios-add\"><\/i><i class=\"lqd-icn-ess icon-ion-ios-remove\"><\/i><\/span>\t\t\t\t\t\t\t\t\t\t\t<\/a>\n\t\t\t\t<\/h4>\t\t\t\t<\/div>\n\n\t\t\t\t<div id=\"collapse-6901\" class=\"accordion-collapse collapse  show\" data-bs-parent=\"#accordion-69dd8ed660337\" aria-labelledby=\"heading-6901\">\n\n\t\t\t\t<div class=\"accordion-content\">\n\t\t\t\t\t<div class=\"acodionDiv\"><p><img loading=\"lazy\" decoding=\"async\" class=\"alignnone wp-image-9188 size-full\" style=\"width: 40%;\" src=\"https:\/\/gadquisapincha.gob.ec\/wp-content\/uploads\/2023\/12\/quindialo01.webp\" alt=\"\" width=\"752\" height=\"747\" srcset=\"https:\/\/gadquisapincha.gob.ec\/wp-content\/uploads\/2023\/12\/quindialo01.webp 752w, https:\/\/gadquisapincha.gob.ec\/wp-content\/uploads\/2023\/12\/quindialo01-300x298.webp 300w, https:\/\/gadquisapincha.gob.ec\/wp-content\/uploads\/2023\/12\/quindialo01-150x150.webp 150w\" sizes=\"(max-width: 752px) 100vw, 752px\" \/><\/p><p style=\"color: rgba(15,65,100,0.8); font-size: 19px; 1.31em; margin-top: 0; margin-bottom: 1.25em; margin: 0 1rem; width: 60%;\"><span style=\"color: #6d7077;\">La Fiesta de la Virgen de la Paz se celebra el 06 de Diciembre donde realiza Misa en su Honor, Chamizas, Juegos Pirot\u00e9cnicos y Baile General con diferentes artistas de la M\u00fasica Nacional.<\/span><\/p><\/div>\t\t\t\t<\/div>\n\n\t\t\t\t<\/div>\n\n\t\t\t<\/div>\n\t\t\t\t\t\t\t\t\t<div class=\"accordion-item panel \">\n\n\t\t\t\t<div class=\"accordion-heading\" id=\"heading-6902\">\n\t\t\t\t<h4 class=\"accordion-title  tabindex=\"-1\">\t\t\t\t\t<a class=\"collapsed\" data-toggle=\"collapse\" data-bs-toggle=\"collapse\"\n                    tabindex=\"0\"\n\t\t\t\t\tdata-parent=\"#accordion-69dd8ed660337\" data-bs-parent=\"#accordion-69dd8ed660337\" href=\"#collapse-6902\" data-target=\"#collapse-6902\" data-bs-target=\"#collapse-6902\"\n\t\t\t\t\taria-expanded=\"false\" aria-controls=\"collapse-6902\">\n\t\t\t\t\t\t\t\t\t\t\t\t<span class=\"accordion-title-txt\">Virgen del Cisne<\/span>\n\t\t\t\t\t\t\t\t\t\t\t\t\t<span class=\"accordion-expander\"><i class=\"lqd-icn-ess icon-ion-ios-add\"><\/i><i class=\"lqd-icn-ess icon-ion-ios-remove\"><\/i><\/span>\t\t\t\t\t\t\t\t\t\t\t<\/a>\n\t\t\t\t<\/h4>\t\t\t\t<\/div>\n\n\t\t\t\t<div id=\"collapse-6902\" class=\"accordion-collapse collapse \" data-bs-parent=\"#accordion-69dd8ed660337\" aria-labelledby=\"heading-6902\">\n\n\t\t\t\t<div class=\"accordion-content\">\n\t\t\t\t\t<div class=\"acodionDiv\"><p><img loading=\"lazy\" decoding=\"async\" class=\"alignnone wp-image-9186 size-large\" style=\"width: 40%;\" src=\"https:\/\/gadquisapincha.gob.ec\/wp-content\/uploads\/2023\/12\/quindialo03-711x1024.webp\" alt=\"\" width=\"711\" height=\"1024\" srcset=\"https:\/\/gadquisapincha.gob.ec\/wp-content\/uploads\/2023\/12\/quindialo03-711x1024.webp 711w, https:\/\/gadquisapincha.gob.ec\/wp-content\/uploads\/2023\/12\/quindialo03-208x300.webp 208w, https:\/\/gadquisapincha.gob.ec\/wp-content\/uploads\/2023\/12\/quindialo03.webp 750w\" sizes=\"(max-width: 711px) 100vw, 711px\" \/><\/p><p style=\"color: rgba(15,65,100,0.8); font-size: 19px; 1.31em; margin-top: 0; margin-bottom: 1.25em; margin: 0 1rem; width: 60%;\"><span style=\"color: #6d7077;\">La Fiesta de la Virgen del Cisne se celebra la segunda semana de Mayo donde realiza Misa en su Honor, La Procesi\u00f3n y Chamizas.<\/span><\/p><\/div>\t\t\t\t<\/div>\n\n\t\t\t\t<\/div>\n\n\t\t\t<\/div>\n\t\t\t\t\t\t\n\t\t<\/div>\n\n\t\t\t\t\t\t<\/div>\n\t\t\t\t<\/div>\n\t\t\t\t\t<\/div>\n\t\t\t\t<\/div>\n\t\t\t\t<section class=\"elementor-section elementor-top-section elementor-element elementor-element-34736d8 elementor-section-full_width elementor-section-height-default elementor-section-height-default\" data-id=\"34736d8\" data-element_type=\"section\" data-e-type=\"section\" data-settings=\"{&quot;background_background&quot;:&quot;classic&quot;}\">\n\t\t\t\t\t\t<div class=\"elementor-container elementor-column-gap-no\">\n\t\t\t\t\t<div class=\"elementor-column elementor-col-100 elementor-top-column elementor-element elementor-element-7c73e0b\" data-id=\"7c73e0b\" data-element_type=\"column\" data-e-type=\"column\">\n\t\t\t<div class=\"elementor-widget-wrap elementor-element-populated\">\n\t\t\t\t\t\t<div class=\"elementor-element elementor-element-5f6dc62 elementor-widget elementor-widget-ld_carousel\" data-id=\"5f6dc62\" data-element_type=\"widget\" data-e-type=\"widget\" data-widget_type=\"ld_carousel.default\">\n\t\t\t\t<div class=\"elementor-widget-container\">\n\t\t\t\t\t\n\t\t<div class=\"carousel-container pos-rel carousel-nav-shaped\" id=\"\" >\n\n\t\t\t<div class=\"carousel-items pos-rel \"  data-lqd-flickity='{\"percentPosition\":false,\"columnsAutoWidth\":true,\"marquee\":true,\"draggable\":false,\"pauseAutoPlayOnHover\":false}'>\n\n\t\t\t\t\t\t\t\t<div class=\"flickity-viewport pos-rel w-100 overflow-hidden\">\n\t\t\t\t\t<div class=\"flickity-slider d-flex w-100 h-100 pos-rel align-items-start\" style=\"left: 0; transform: translateX(0%);\">\n\t\t\t\t\t\t\t\t\t\t\t\t\t<div class=\"carousel-item d-flex flex-column justify-content-center elementor-repeater-item-9ccd5a4\">\n\t\t\t\t\t\t\t\t<div class=\"carousel-item-inner pos-rel w-100\">\n\t\t\t\t\t\t\t\t\t<div class=\"carousel-item-content pos-rel w-100\">\n\n\t\t\t\t\t\t\t\t\t\t<h2 style=\"margin: 0; font-size: inherit; line-height: inherit; white-space: nowrap; padding-bottom: .1em; background: linear-gradient(to right, #fbced1, #dc6169, #d6101d); -webkit-background-clip: text !important; background-clip: text !important; -webkit-text-fill-color: transparent !important; text-fill-color: transparent !important;\"><strong>Gobierno Aut\u00f3nomo Descentralizado<\/strong><\/h2>\t\t\t\t\t\t\t\t\t<\/div>\n\t\t\t\t\t\t\t\t<\/div>\n\t\t\t\t\t\t\t<\/div>\n\t\t\t\t\t\t\t\t\t\t\t\t\t<div class=\"carousel-item d-flex flex-column justify-content-center elementor-repeater-item-e76d876\">\n\t\t\t\t\t\t\t\t<div class=\"carousel-item-inner pos-rel w-100\">\n\t\t\t\t\t\t\t\t\t<div class=\"carousel-item-content pos-rel w-100\">\n\n\t\t\t\t\t\t\t\t\t\t<h2 style=\"margin: 0; font-size: inherit; line-height: inherit; white-space: nowrap; padding-bottom: .1em; background: linear-gradient(to right, #fbced1, #dc6169, #d6101d); -webkit-background-clip: text !important; background-clip: text !important; -webkit-text-fill-color: transparent !important; text-fill-color: transparent !important;\"><strong>Gobierno Aut\u00f3nomo Descentralizado<\/strong><\/h2>\t\t\t\t\t\t\t\t\t<\/div>\n\t\t\t\t\t\t\t\t<\/div>\n\t\t\t\t\t\t\t<\/div>\n\t\t\t\t\t\t\t\t\t\t\t<\/div>\n\t\t\t\t<\/div>\n\t\t\t<\/div>\n\t\t\t\n\t\t\t\n\t\t<\/div>\n\t\t\t\t\t\t<\/div>\n\t\t\t\t<\/div>\n\t\t\t\t<div class=\"elementor-element elementor-element-f099b1a elementor-widget elementor-widget-ld_carousel\" data-id=\"f099b1a\" data-element_type=\"widget\" data-e-type=\"widget\" data-widget_type=\"ld_carousel.default\">\n\t\t\t\t<div class=\"elementor-widget-container\">\n\t\t\t\t\t\n\t\t<div class=\"carousel-container pos-rel carousel-nav-shaped\" id=\"\" >\n\n\t\t\t<div class=\"carousel-items pos-rel \"  data-lqd-flickity='{\"percentPosition\":false,\"columnsAutoWidth\":true,\"marquee\":true,\"rightToLeft\":true,\"draggable\":false,\"pauseAutoPlayOnHover\":false}'>\n\n\t\t\t\t\t\t\t\t<div class=\"flickity-viewport pos-rel w-100 overflow-hidden\">\n\t\t\t\t\t<div class=\"flickity-slider d-flex w-100 h-100 pos-rel align-items-start\" style=\"right: 0; transform: translateX(0%);\">\n\t\t\t\t\t\t\t\t\t\t\t\t\t<div class=\"carousel-item d-flex flex-column justify-content-center elementor-repeater-item-0d7bbf3\">\n\t\t\t\t\t\t\t\t<div class=\"carousel-item-inner pos-rel w-100\">\n\t\t\t\t\t\t\t\t\t<div class=\"carousel-item-content pos-rel w-100\">\n\n\t\t\t\t\t\t\t\t\t\t<h2 style=\"margin: 0; font-size: inherit; line-height: inherit; white-space: nowrap; -webkit-text-stroke-color: #000; -webkit-text-stroke-width: 1px; color: transparent; padding-bottom: .1em;\">Rural Quisapincha<\/h2>\t\t\t\t\t\t\t\t\t<\/div>\n\t\t\t\t\t\t\t\t<\/div>\n\t\t\t\t\t\t\t<\/div>\n\t\t\t\t\t\t\t\t\t\t\t\t\t<div class=\"carousel-item d-flex flex-column justify-content-center elementor-repeater-item-0b1a194\">\n\t\t\t\t\t\t\t\t<div class=\"carousel-item-inner pos-rel w-100\">\n\t\t\t\t\t\t\t\t\t<div class=\"carousel-item-content pos-rel w-100\">\n\n\t\t\t\t\t\t\t\t\t\t<h2 style=\"margin: 0; font-size: inherit; line-height: inherit; white-space: nowrap; -webkit-text-stroke-color: #000; -webkit-text-stroke-width: 1px; color: transparent; padding-bottom: .1em;\">Rural Quisapincha<\/h2>\t\t\t\t\t\t\t\t\t<\/div>\n\t\t\t\t\t\t\t\t<\/div>\n\t\t\t\t\t\t\t<\/div>\n\t\t\t\t\t\t\t\t\t\t\t<\/div>\n\t\t\t\t<\/div>\n\t\t\t<\/div>\n\t\t\t\n\t\t\t\n\t\t<\/div>\n\t\t\t\t\t\t<\/div>\n\t\t\t\t<\/div>\n\t\t\t\t\t<\/div>\n\t\t<\/div>\n\t\t\t\t\t<\/div>\n\t\t<\/section>\n\t\t\t\t<\/div>\n\t\t","protected":false},"excerpt":{"rendered":"<p>Comunidad de Quindial\u00f3 AGRICULTURA DEPORTES CRIANZA DE CUYES Los Moradores de la Comunidad de Quindial\u00f3 se dedica a la Crianza de Cuyes donde est\u00e1n emprendiendo su propio negocio. En el cual es una manera de obtener un ingreso extra para la familia. LIGA BARRIAL QUINDIAL\u00d3 Realizan Campeonatos de Futbol de Hombres donde participan los moradores [&hellip;]<\/p>\n","protected":false},"author":1,"featured_media":0,"parent":0,"menu_order":0,"comment_status":"closed","ping_status":"closed","template":"","meta":{"footnotes":""},"class_list":["post-7204","page","type-page","status-publish","hentry"],"_links":{"self":[{"href":"https:\/\/gadquisapincha.gob.ec\/index.php\/wp-json\/wp\/v2\/pages\/7204","targetHints":{"allow":["GET"]}}],"collection":[{"href":"https:\/\/gadquisapincha.gob.ec\/index.php\/wp-json\/wp\/v2\/pages"}],"about":[{"href":"https:\/\/gadquisapincha.gob.ec\/index.php\/wp-json\/wp\/v2\/types\/page"}],"author":[{"embeddable":true,"href":"https:\/\/gadquisapincha.gob.ec\/index.php\/wp-json\/wp\/v2\/users\/1"}],"replies":[{"embeddable":true,"href":"https:\/\/gadquisapincha.gob.ec\/index.php\/wp-json\/wp\/v2\/comments?post=7204"}],"version-history":[{"count":27,"href":"https:\/\/gadquisapincha.gob.ec\/index.php\/wp-json\/wp\/v2\/pages\/7204\/revisions"}],"predecessor-version":[{"id":11529,"href":"https:\/\/gadquisapincha.gob.ec\/index.php\/wp-json\/wp\/v2\/pages\/7204\/revisions\/11529"}],"wp:attachment":[{"href":"https:\/\/gadquisapincha.gob.ec\/index.php\/wp-json\/wp\/v2\/media?parent=7204"}],"curies":[{"name":"wp","href":"https:\/\/api.w.org\/{rel}","templated":true}]}}