{"id":7101,"date":"2023-11-28T04:03:40","date_gmt":"2023-11-28T03:03:40","guid":{"rendered":"https:\/\/gadquisapincha.gob.ec\/?page_id=7101"},"modified":"2023-12-19T18:03:15","modified_gmt":"2023-12-19T17:03:15","slug":"calhuasig-grande","status":"publish","type":"page","link":"https:\/\/gadquisapincha.gob.ec\/index.php\/calhuasig-grande\/","title":{"rendered":"Calhuasig Grande"},"content":{"rendered":"\t\t<div data-elementor-type=\"wp-page\" data-elementor-id=\"7101\" class=\"elementor elementor-7101\" data-elementor-post-type=\"page\">\n\t\t\t\t<div class=\"elementor-element elementor-element-aebc1a7 e-flex e-con-boxed e-con e-parent\" data-id=\"aebc1a7\" data-element_type=\"container\" data-e-type=\"container\">\n\t\t\t\t\t<div class=\"e-con-inner\">\n\t\t<div class=\"elementor-element elementor-element-c8efd91 e-con-full e-flex e-con e-child\" data-id=\"c8efd91\" data-element_type=\"container\" data-e-type=\"container\">\n\t\t<div class=\"elementor-element elementor-element-1302f2f6 e-con-full e-flex e-con e-child\" data-id=\"1302f2f6\" data-element_type=\"container\" data-e-type=\"container\">\n\t\t\t\t<div class=\"elementor-element elementor-element-8f0677e elementor-widget__width-initial elementor-widget-mobile__width-inherit elementor-widget elementor-widget-hub_fancy_heading lqd-el-has-inner-anim\" data-id=\"8f0677e\" data-element_type=\"widget\" data-e-type=\"widget\" data-settings=\"{&quot;enable_split&quot;:&quot;true&quot;,&quot;split_type&quot;:&quot;words&quot;}\" data-widget_type=\"hub_fancy_heading.default\">\n\t\t\t\t<div class=\"elementor-widget-container\">\n\t\t\t\t\t\n\t\t<div id=\"ld-fancy-heading-69e732bc5e008\" class=\"ld-fancy-heading pos-rel\">\n\t\t\t<h2 class=\"ld-fh-element d-inline-block pos-rel  elementor-heading-title lqd-highlight-classic lqd-highlight-grow-left lqd-split-words h2\"  data-split-text=\"true\" data-split-options='{\"type\":\"words\"}'> Comunidad de Calhuasig Grande<\/h2>\t\t<\/div>\n\n\t\t\t\t\t\t<\/div>\n\t\t\t\t<\/div>\n\t\t\t\t<div class=\"elementor-element elementor-element-6c8062d9 elementor-widget__width-initial elementor-widget elementor-widget-ld_tabs\" data-id=\"6c8062d9\" data-element_type=\"widget\" data-e-type=\"widget\" data-widget_type=\"ld_tabs.default\">\n\t\t\t\t<div class=\"elementor-widget-container\">\n\t\t\t\t\t\t\t<div class=\"lqd-tabs lqd-tabs-style-12 lqd-tabs-nav-plain d-flex lqd-tabs-nav-items-not-expanded flex-column 6c8062d9 lqd-nav-underline-default\" data-tabs-options=\"{&quot;trigger&quot;:&quot;click&quot;}\">\n\n\t\t\t<nav class=\"lqd-tabs-nav-wrap mb-6\">\n\t\t\t\t<ul class=\"reset-ul lqd-tabs-nav d-flex align-items-center flex-wrap justify-content-center pos-rel\" role=\"tablist\"><li data-controls=\"lqd-tab-1821\" role=\"presentation\" class=\"elementor-repeater-item-f239dd1 active mb-3\"><a class=\"d-flex align-items-center\" href=\"#lqd-tab-1821\" data-bs-target=\"#lqd-tab-1821\" aria-expanded=\"false\" aria-controls=\"lqd-tab-1821\" role=\"tab\" data-toggle=\"tab\" data-bs-toggle=\"tab\"><span class=\"lqd-tabs-nav-txt\">AGRICULTURA<\/span><\/a><\/li><\/ul>\t\t\t\t\t\t\t<\/nav>\n\n\t\t\t<div class=\"lqd-tabs-content pos-rel\"><div id=\"lqd-tab-1821\" role=\"tabpanel\" class=\"lqd-tabs-pane fade active in\"><p><img fetchpriority=\"high\" decoding=\"async\" class=\"aligncenter wp-image-8798 size-full\" src=\"https:\/\/gadquisapincha.gob.ec\/wp-content\/uploads\/2023\/12\/calguasig05-1.webp\" alt=\"\" width=\"900\" height=\"700\" srcset=\"https:\/\/gadquisapincha.gob.ec\/wp-content\/uploads\/2023\/12\/calguasig05-1.webp 900w, https:\/\/gadquisapincha.gob.ec\/wp-content\/uploads\/2023\/12\/calguasig05-1-300x233.webp 300w\" sizes=\"(max-width: 900px) 100vw, 900px\" \/><\/p><p><strong>Plantas Medicinales<\/strong><\/p><p>La Agricultura de la Comunidad es variada se puede sembrar papas, ma\u00edz, alverjas, habas, cebada, etc.<\/p> <\/div><\/div>\n\t\t<\/div>\n\t\t\t\t\t<\/div>\n\t\t\t\t<\/div>\n\t\t\t\t<\/div>\n\t\t\t\t<\/div>\n\t\t<div class=\"lqd-css-sticky elementor-element elementor-element-3374a8a e-con-full e-flex e-con e-child\" style=\"top: auto; top: 30px;\" data-id=\"3374a8a\" data-element_type=\"container\" data-e-type=\"container\">\n\t\t<div class=\"lqd-css-sticky elementor-element elementor-element-3a2de3a e-con-full e-flex e-con e-child\" style=\"top: auto; top: 0px;\" data-id=\"3a2de3a\" data-element_type=\"container\" data-e-type=\"container\">\n\t\t\t\t<div class=\"elementor-element elementor-element-3d55849b elementor-widget elementor-widget-ld_fancy_image\" data-id=\"3d55849b\" data-element_type=\"widget\" data-e-type=\"widget\" data-widget_type=\"ld_fancy_image.default\">\n\t\t\t\t<div class=\"elementor-widget-container\">\n\t\t\t\t\t\n\t\t<div class=\"lqd-imggrp-single d-block pos-rel \">\n\t\t\t<div class=\"lqd-imggrp-img-container d-inline-flex pos-rel align-items-center justify-content-center \">\n\t\t\t\t\t\t\t\t<figure class=\"w-100 pos-rel\">\n\t\t\t\t\t<img decoding=\"async\" width=\"655\" height=\"704\" src=\"https:\/\/gadquisapincha.gob.ec\/wp-content\/uploads\/2023\/12\/calguasig01.webp\" class=\"attachment-full size-full wp-image-8792\" alt=\"\" srcset=\"https:\/\/gadquisapincha.gob.ec\/wp-content\/uploads\/2023\/12\/calguasig01.webp 655w, https:\/\/gadquisapincha.gob.ec\/wp-content\/uploads\/2023\/12\/calguasig01-279x300.webp 279w\" sizes=\"(max-width: 655px) 100vw, 655px\" itemprop=\"image\" \/>\t\t\t\t\t\t\t\t\t\t\t\t\t\t\t\t\t\t\t\t\t\t\t\t\t\t\t\t\t<\/figure>\n\t\t\t<\/div>\n\t\t<\/div>\n\n\t\t\t\t\t<\/div>\n\t\t\t\t<\/div>\n\t\t<div data-custom-animations=\"true\" data-ca-options=\"{&quot;addChildTimelines&quot;:false,&quot;trigger&quot;:&quot;firstChild&quot;,&quot;animationTarget&quot;:&quot;:scope .e-con-inner &gt; .elementor-element:not(.lqd-exclude-parent-ca) &gt; .elementor-widget-container, :scope .e-con-inner &gt; .elementor-widget-hub_fancy_heading .lqd-split-lines .lqd-lines .split-inner, :scope .e-con-inner &gt; .elementor-widget-hub_fancy_heading .lqd-split-words .lqd-words .split-inner, :scope .e-con-inner &gt; .elementor-widget-hub_fancy_heading .lqd-split-chars .lqd-chars .split-inner, :scope .e-con-inner &gt; .elementor-widget-hub_fancy_heading .lqd-adv-txt-fig, :scope .e-con-inner &gt; .elementor-widget-ld_custom_menu .lqd-fancy-menu &gt; ul &gt; li, :scope .e-con:not([data-parallax]) .elementor-element &gt; .elementor-widget-container, :scope .e-con:not([data-parallax]) .elementor-widget-hub_fancy_heading .lqd-split-lines .lqd-lines .split-inner, :scope .e-con:not([data-parallax]) .elementor-widget-hub_fancy_heading .lqd-split-words .lqd-words .split-inner, :scope .e-con:not([data-parallax]) .elementor-widget-hub_fancy_heading .lqd-split-chars .lqd-chars .split-inner, :scope .e-con:not([data-parallax]) .elementor-widget-ld_custom_menu .lqd-fancy-menu &gt; ul &gt; li&quot;,&quot;ease&quot;:[&quot;power4.out&quot;],&quot;initValues&quot;:{&quot;y&quot;:&quot;30px&quot;,&quot;rotationX&quot;:30,&quot;opacity&quot;:0,&quot;transformOrigin&quot;:&quot;50% 50% 0px&quot;},&quot;animations&quot;:{&quot;y&quot;:&quot;0px&quot;,&quot;rotationX&quot;:0,&quot;opacity&quot;:1,&quot;transformOrigin&quot;:&quot;50% 50% 0px&quot;}}\" class=\"elementor-element elementor-element-11a8dbe4 e-flex e-con-boxed e-con e-child\" data-id=\"11a8dbe4\" data-element_type=\"container\" data-e-type=\"container\">\n\t\t\t\t\t<div class=\"e-con-inner\">\n\t\t\t\t<div class=\"elementor-element elementor-element-6eeea0aa elementor-widget-mobile__width-inherit elementor-widget elementor-widget-hub_fancy_heading\" data-id=\"6eeea0aa\" data-element_type=\"widget\" data-e-type=\"widget\" data-widget_type=\"hub_fancy_heading.default\">\n\t\t\t\t<div class=\"elementor-widget-container\">\n\t\t\t\t\t\n\t\t<div id=\"ld-fancy-heading-69e732bc62134\" class=\"ld-fancy-heading pos-rel\">\n\t\t\t<p class=\"ld-fh-element d-inline-block pos-rel  lqd-highlight-classic lqd-highlight-grow-left p\"  > La Comunidad de Calhuasig Grande es Jur\u00eddica desde el a\u00f1o 1990<\/p>\t\t<\/div>\n\n\t\t\t\t\t\t<\/div>\n\t\t\t\t<\/div>\n\t\t\t\t\t<\/div>\n\t\t\t\t<\/div>\n\t\t\t\t<\/div>\n\t\t\t\t<\/div>\n\t\t\t\t\t<\/div>\n\t\t\t\t<\/div>\n\t\t<div class=\"elementor-element elementor-element-09f05ee e-flex e-con-boxed e-con e-parent\" data-id=\"09f05ee\" data-element_type=\"container\" data-e-type=\"container\">\n\t\t\t\t\t<div class=\"e-con-inner\">\n\t\t\t\t<div class=\"elementor-element elementor-element-18c6a6cd elementor-widget__width-inherit elementor-widget elementor-widget-hub_fancy_heading lqd-el-has-inner-anim\" data-id=\"18c6a6cd\" data-element_type=\"widget\" data-e-type=\"widget\" data-settings=\"{&quot;enable_split&quot;:&quot;true&quot;,&quot;split_type&quot;:&quot;lines&quot;}\" data-widget_type=\"hub_fancy_heading.default\">\n\t\t\t\t<div class=\"elementor-widget-container\">\n\t\t\t\t\t\n\t\t<div id=\"ld-fancy-heading-69e732bc62b79\" class=\"ld-fancy-heading pos-rel mask-text\">\n\t\t\t<h2 class=\"ld-fh-element d-inline-block pos-rel  elementor-heading-title lqd-highlight-classic lqd-highlight-grow-bottom lqd-highlight-reset-onhover lqd-split-lines h2\"  data-inview=\"true\" data-transition-delay=\"true\" data-delay-options=\"{&quot;elements&quot;:&quot;.lqd-highlight-inner&quot;,&quot;delayType&quot;:&quot;transition&quot;}\" data-split-text=\"true\" data-split-options='{\"type\":\"lines\"}'> Obras <mark class=\"lqd-highlight\"><span class=\"lqd-highlight-txt\"  >Realizadas<\/span><span class=\"lqd-highlight-inner\"><\/span><\/mark> <\/h2>\t\t<\/div>\n\n\t\t\t\t\t\t<\/div>\n\t\t\t\t<\/div>\n\t\t\t\t<div class=\"elementor-element elementor-element-289e9c31 elementor-widget__width-inherit elementor-widget elementor-widget-hub_fancy_heading lqd-el-has-inner-anim\" data-id=\"289e9c31\" data-element_type=\"widget\" data-e-type=\"widget\" data-settings=\"{&quot;enable_split&quot;:&quot;true&quot;,&quot;split_type&quot;:&quot;lines&quot;}\" data-widget_type=\"hub_fancy_heading.default\">\n\t\t\t\t<div class=\"elementor-widget-container\">\n\t\t\t\t\t\n\t\t<div id=\"ld-fancy-heading-69e732bc639e1\" class=\"ld-fancy-heading pos-rel mask-text\">\n\t\t\t<p class=\"ld-fh-element d-inline-block pos-rel  lqd-highlight-classic lqd-highlight-grow-left lqd-split-lines p\"  data-split-text=\"true\" data-split-options='{\"type\":\"lines\"}'> El proyecto del Empedrado en la Comunidad de Calhuasig Grande se concluy\u00f3. En su totalidad  Con el aporte del HGPT.\n<\/br>\nCon la participaci\u00f3n de la comunidad y el apoyo de Emapa, se realiza los trabajos de Alcantarillado Sanitario en la comunidad de Calhuasig Grande<\/p>\t\t<\/div>\n\n\t\t\t\t\t\t<\/div>\n\t\t\t\t<\/div>\n\t\t\t\t\t<\/div>\n\t\t\t\t<\/div>\n\t\t\t\t<section class=\"elementor-section elementor-top-section elementor-element elementor-element-5d178d1e elementor-section-full_width elementor-section-height-default elementor-section-height-default\" data-id=\"5d178d1e\" data-element_type=\"section\" data-e-type=\"section\">\n\t\t\t\t\t\t<div class=\"elementor-container elementor-column-gap-no\">\n\t\t\t\t\t<div class=\"elementor-column elementor-col-100 elementor-top-column elementor-element elementor-element-6ee0e5e3\" data-id=\"6ee0e5e3\" data-element_type=\"column\" data-e-type=\"column\">\n\t\t\t<div class=\"elementor-widget-wrap elementor-element-populated\">\n\t\t\t\t\t\t<div class=\"elementor-element elementor-element-71cfc956 elementor-widget elementor-widget-ld_carousel\" data-id=\"71cfc956\" data-element_type=\"widget\" data-e-type=\"widget\" data-widget_type=\"ld_carousel.default\">\n\t\t\t\t<div class=\"elementor-widget-container\">\n\t\t\t\t\t\n\t\t<div class=\"carousel-container pos-rel carousel-nav-shaped carousel-dots-mobile-outside carousel-dots-mobile-center\" id=\"\" >\n\n\t\t\t<div class=\"carousel-items pos-rel \"  data-lqd-flickity='{\"wrapAround\":true,\"equalHeightCells\":true,\"middleAlignContent\":true,\"cellAlign\":\"left\",\"groupCells\":false,\"prevNextButtons\":false,\"pageDots\":false}'>\n\n\t\t\t\t\t\t\t\t<div class=\"flickity-viewport pos-rel w-100 overflow-hidden\">\n\t\t\t\t\t<div class=\"flickity-slider d-flex w-100 h-100 pos-rel\" style=\"left: 0; transform: translateX(0%);\">\n\t\t\t\t\t\t\t\t\t\t\t\t\t<div class=\"carousel-item d-flex flex-column justify-content-center align-items-center elementor-repeater-item-4e04eb3\">\n\t\t\t\t\t\t\t\t<div class=\"carousel-item-inner pos-rel w-100\">\n\t\t\t\t\t\t\t\t\t<div class=\"carousel-item-content pos-rel w-100\">\n\n\t\t\t\t\t\t\t\t\t\t<p><img decoding=\"async\" class=\"alignnone wp-image-8795 size-large\" src=\"https:\/\/gadquisapincha.gob.ec\/wp-content\/uploads\/2023\/12\/calguasig04-1024x576.webp\" alt=\"\" width=\"780\" height=\"439\" srcset=\"https:\/\/gadquisapincha.gob.ec\/wp-content\/uploads\/2023\/12\/calguasig04-1024x576.webp 1024w, https:\/\/gadquisapincha.gob.ec\/wp-content\/uploads\/2023\/12\/calguasig04-300x169.webp 300w, https:\/\/gadquisapincha.gob.ec\/wp-content\/uploads\/2023\/12\/calguasig04.webp 1090w\" sizes=\"(max-width: 780px) 100vw, 780px\" \/><\/p>\t\t\t\t\t\t\t\t\t<\/div>\n\t\t\t\t\t\t\t\t<\/div>\n\t\t\t\t\t\t\t<\/div>\n\t\t\t\t\t\t\t\t\t\t\t\t\t<div class=\"carousel-item d-flex flex-column justify-content-center align-items-center elementor-repeater-item-dac51a9\">\n\t\t\t\t\t\t\t\t<div class=\"carousel-item-inner pos-rel w-100\">\n\t\t\t\t\t\t\t\t\t<div class=\"carousel-item-content pos-rel w-100\">\n\n\t\t\t\t\t\t\t\t\t\t<p><img loading=\"lazy\" decoding=\"async\" class=\"alignnone wp-image-8794 size-full\" src=\"https:\/\/gadquisapincha.gob.ec\/wp-content\/uploads\/2023\/12\/calguasig03.webp\" alt=\"\" width=\"656\" height=\"488\" srcset=\"https:\/\/gadquisapincha.gob.ec\/wp-content\/uploads\/2023\/12\/calguasig03.webp 656w, https:\/\/gadquisapincha.gob.ec\/wp-content\/uploads\/2023\/12\/calguasig03-300x223.webp 300w\" sizes=\"(max-width: 656px) 100vw, 656px\" \/><\/p>\t\t\t\t\t\t\t\t\t<\/div>\n\t\t\t\t\t\t\t\t<\/div>\n\t\t\t\t\t\t\t<\/div>\n\t\t\t\t\t\t\t\t\t\t\t\t\t<div class=\"carousel-item d-flex flex-column justify-content-center align-items-center elementor-repeater-item-38a8ae7\">\n\t\t\t\t\t\t\t\t<div class=\"carousel-item-inner pos-rel w-100\">\n\t\t\t\t\t\t\t\t\t<div class=\"carousel-item-content pos-rel w-100\">\n\n\t\t\t\t\t\t\t\t\t\t<p><img loading=\"lazy\" decoding=\"async\" class=\"alignnone wp-image-8793 size-large\" src=\"https:\/\/gadquisapincha.gob.ec\/wp-content\/uploads\/2023\/12\/calguasig02-1024x576.webp\" alt=\"\" width=\"780\" height=\"439\" srcset=\"https:\/\/gadquisapincha.gob.ec\/wp-content\/uploads\/2023\/12\/calguasig02-1024x576.webp 1024w, https:\/\/gadquisapincha.gob.ec\/wp-content\/uploads\/2023\/12\/calguasig02-300x169.webp 300w, https:\/\/gadquisapincha.gob.ec\/wp-content\/uploads\/2023\/12\/calguasig02.webp 1090w\" sizes=\"(max-width: 780px) 100vw, 780px\" \/><\/p>\t\t\t\t\t\t\t\t\t<\/div>\n\t\t\t\t\t\t\t\t<\/div>\n\t\t\t\t\t\t\t<\/div>\n\t\t\t\t\t\t\t\t\t\t\t\t\t<div class=\"carousel-item d-flex flex-column justify-content-center align-items-center elementor-repeater-item-06f924d\">\n\t\t\t\t\t\t\t\t<div class=\"carousel-item-inner pos-rel w-100\">\n\t\t\t\t\t\t\t\t\t<div class=\"carousel-item-content pos-rel w-100\">\n\n\t\t\t\t\t\t\t\t\t\t<p><img decoding=\"async\" class=\"alignnone wp-image-8795 size-large\" src=\"https:\/\/gadquisapincha.gob.ec\/wp-content\/uploads\/2023\/12\/calguasig04-1024x576.webp\" alt=\"\" width=\"780\" height=\"439\" srcset=\"https:\/\/gadquisapincha.gob.ec\/wp-content\/uploads\/2023\/12\/calguasig04-1024x576.webp 1024w, https:\/\/gadquisapincha.gob.ec\/wp-content\/uploads\/2023\/12\/calguasig04-300x169.webp 300w, https:\/\/gadquisapincha.gob.ec\/wp-content\/uploads\/2023\/12\/calguasig04.webp 1090w\" sizes=\"(max-width: 780px) 100vw, 780px\" \/><\/p>\t\t\t\t\t\t\t\t\t<\/div>\n\t\t\t\t\t\t\t\t<\/div>\n\t\t\t\t\t\t\t<\/div>\n\t\t\t\t\t\t\t\t\t\t\t\t\t<div class=\"carousel-item d-flex flex-column justify-content-center align-items-center elementor-repeater-item-3d61ea1\">\n\t\t\t\t\t\t\t\t<div class=\"carousel-item-inner pos-rel w-100\">\n\t\t\t\t\t\t\t\t\t<div class=\"carousel-item-content pos-rel w-100\">\n\n\t\t\t\t\t\t\t\t\t\t<p><img loading=\"lazy\" decoding=\"async\" class=\"alignnone wp-image-8794 size-full\" src=\"https:\/\/gadquisapincha.gob.ec\/wp-content\/uploads\/2023\/12\/calguasig03.webp\" alt=\"\" width=\"656\" height=\"488\" srcset=\"https:\/\/gadquisapincha.gob.ec\/wp-content\/uploads\/2023\/12\/calguasig03.webp 656w, https:\/\/gadquisapincha.gob.ec\/wp-content\/uploads\/2023\/12\/calguasig03-300x223.webp 300w\" sizes=\"(max-width: 656px) 100vw, 656px\" \/><\/p>\t\t\t\t\t\t\t\t\t<\/div>\n\t\t\t\t\t\t\t\t<\/div>\n\t\t\t\t\t\t\t<\/div>\n\t\t\t\t\t\t\t\t\t\t\t<\/div>\n\t\t\t\t<\/div>\n\t\t\t<\/div>\n\t\t\t\n\t\t\t\n\t\t<\/div>\n\t\t\t\t\t\t<\/div>\n\t\t\t\t<\/div>\n\t\t\t\t\t<\/div>\n\t\t<\/div>\n\t\t\t\t\t<\/div>\n\t\t<\/section>\n\t\t\t\t<section class=\"elementor-section elementor-top-section elementor-element elementor-element-34736d8 elementor-section-full_width elementor-section-height-default elementor-section-height-default\" data-id=\"34736d8\" data-element_type=\"section\" data-e-type=\"section\" data-settings=\"{&quot;background_background&quot;:&quot;classic&quot;}\">\n\t\t\t\t\t\t<div class=\"elementor-container elementor-column-gap-no\">\n\t\t\t\t\t<div class=\"elementor-column elementor-col-100 elementor-top-column elementor-element elementor-element-7c73e0b\" data-id=\"7c73e0b\" data-element_type=\"column\" data-e-type=\"column\">\n\t\t\t<div class=\"elementor-widget-wrap elementor-element-populated\">\n\t\t\t\t\t\t<div class=\"elementor-element elementor-element-5f6dc62 elementor-widget elementor-widget-ld_carousel\" data-id=\"5f6dc62\" data-element_type=\"widget\" data-e-type=\"widget\" data-widget_type=\"ld_carousel.default\">\n\t\t\t\t<div class=\"elementor-widget-container\">\n\t\t\t\t\t\n\t\t<div class=\"carousel-container pos-rel carousel-nav-shaped\" id=\"\" >\n\n\t\t\t<div class=\"carousel-items pos-rel \"  data-lqd-flickity='{\"percentPosition\":false,\"columnsAutoWidth\":true,\"marquee\":true,\"draggable\":false,\"pauseAutoPlayOnHover\":false}'>\n\n\t\t\t\t\t\t\t\t<div class=\"flickity-viewport pos-rel w-100 overflow-hidden\">\n\t\t\t\t\t<div class=\"flickity-slider d-flex w-100 h-100 pos-rel align-items-start\" style=\"left: 0; transform: translateX(0%);\">\n\t\t\t\t\t\t\t\t\t\t\t\t\t<div class=\"carousel-item d-flex flex-column justify-content-center elementor-repeater-item-9ccd5a4\">\n\t\t\t\t\t\t\t\t<div class=\"carousel-item-inner pos-rel w-100\">\n\t\t\t\t\t\t\t\t\t<div class=\"carousel-item-content pos-rel w-100\">\n\n\t\t\t\t\t\t\t\t\t\t<h2 style=\"margin: 0; font-size: inherit; line-height: inherit; white-space: nowrap; padding-bottom: .1em; background: linear-gradient(to right, #fbced1, #dc6169, #d6101d); -webkit-background-clip: text !important; background-clip: text !important; -webkit-text-fill-color: transparent !important; text-fill-color: transparent !important;\"><strong>Gobierno Aut\u00f3nomo Descentralizado<\/strong><\/h2>\t\t\t\t\t\t\t\t\t<\/div>\n\t\t\t\t\t\t\t\t<\/div>\n\t\t\t\t\t\t\t<\/div>\n\t\t\t\t\t\t\t\t\t\t\t\t\t<div class=\"carousel-item d-flex flex-column justify-content-center elementor-repeater-item-e76d876\">\n\t\t\t\t\t\t\t\t<div class=\"carousel-item-inner pos-rel w-100\">\n\t\t\t\t\t\t\t\t\t<div class=\"carousel-item-content pos-rel w-100\">\n\n\t\t\t\t\t\t\t\t\t\t<h2 style=\"margin: 0; font-size: inherit; line-height: inherit; white-space: nowrap; padding-bottom: .1em; background: linear-gradient(to right, #fbced1, #dc6169, #d6101d); -webkit-background-clip: text !important; background-clip: text !important; -webkit-text-fill-color: transparent !important; text-fill-color: transparent !important;\"><strong>Gobierno Aut\u00f3nomo Descentralizado<\/strong><\/h2>\t\t\t\t\t\t\t\t\t<\/div>\n\t\t\t\t\t\t\t\t<\/div>\n\t\t\t\t\t\t\t<\/div>\n\t\t\t\t\t\t\t\t\t\t\t<\/div>\n\t\t\t\t<\/div>\n\t\t\t<\/div>\n\t\t\t\n\t\t\t\n\t\t<\/div>\n\t\t\t\t\t\t<\/div>\n\t\t\t\t<\/div>\n\t\t\t\t<div class=\"elementor-element elementor-element-f099b1a elementor-widget elementor-widget-ld_carousel\" data-id=\"f099b1a\" data-element_type=\"widget\" data-e-type=\"widget\" data-widget_type=\"ld_carousel.default\">\n\t\t\t\t<div class=\"elementor-widget-container\">\n\t\t\t\t\t\n\t\t<div class=\"carousel-container pos-rel carousel-nav-shaped\" id=\"\" >\n\n\t\t\t<div class=\"carousel-items pos-rel \"  data-lqd-flickity='{\"percentPosition\":false,\"columnsAutoWidth\":true,\"marquee\":true,\"rightToLeft\":true,\"draggable\":false,\"pauseAutoPlayOnHover\":false}'>\n\n\t\t\t\t\t\t\t\t<div class=\"flickity-viewport pos-rel w-100 overflow-hidden\">\n\t\t\t\t\t<div class=\"flickity-slider d-flex w-100 h-100 pos-rel align-items-start\" style=\"right: 0; transform: translateX(0%);\">\n\t\t\t\t\t\t\t\t\t\t\t\t\t<div class=\"carousel-item d-flex flex-column justify-content-center elementor-repeater-item-0d7bbf3\">\n\t\t\t\t\t\t\t\t<div class=\"carousel-item-inner pos-rel w-100\">\n\t\t\t\t\t\t\t\t\t<div class=\"carousel-item-content pos-rel w-100\">\n\n\t\t\t\t\t\t\t\t\t\t<h2 style=\"margin: 0; font-size: inherit; line-height: inherit; white-space: nowrap; -webkit-text-stroke-color: #000; -webkit-text-stroke-width: 1px; color: transparent; padding-bottom: .1em;\">Rural Quisapincha<\/h2>\t\t\t\t\t\t\t\t\t<\/div>\n\t\t\t\t\t\t\t\t<\/div>\n\t\t\t\t\t\t\t<\/div>\n\t\t\t\t\t\t\t\t\t\t\t\t\t<div class=\"carousel-item d-flex flex-column justify-content-center elementor-repeater-item-0b1a194\">\n\t\t\t\t\t\t\t\t<div class=\"carousel-item-inner pos-rel w-100\">\n\t\t\t\t\t\t\t\t\t<div class=\"carousel-item-content pos-rel w-100\">\n\n\t\t\t\t\t\t\t\t\t\t<h2 style=\"margin: 0; font-size: inherit; line-height: inherit; white-space: nowrap; -webkit-text-stroke-color: #000; -webkit-text-stroke-width: 1px; color: transparent; padding-bottom: .1em;\">Rural Quisapincha<\/h2>\t\t\t\t\t\t\t\t\t<\/div>\n\t\t\t\t\t\t\t\t<\/div>\n\t\t\t\t\t\t\t<\/div>\n\t\t\t\t\t\t\t\t\t\t\t<\/div>\n\t\t\t\t<\/div>\n\t\t\t<\/div>\n\t\t\t\n\t\t\t\n\t\t<\/div>\n\t\t\t\t\t\t<\/div>\n\t\t\t\t<\/div>\n\t\t\t\t\t<\/div>\n\t\t<\/div>\n\t\t\t\t\t<\/div>\n\t\t<\/section>\n\t\t\t\t<\/div>\n\t\t","protected":false},"excerpt":{"rendered":"<p>Comunidad de Calhuasig Grande AGRICULTURA Plantas Medicinales La Agricultura de la Comunidad es variada se puede sembrar papas, ma\u00edz, alverjas, habas, cebada, etc. La Comunidad de Calhuasig Grande es Jur\u00eddica desde el a\u00f1o 1990 Obras Realizadas El proyecto del Empedrado en la Comunidad de Calhuasig Grande se concluy\u00f3. En su totalidad Con el aporte del [&hellip;]<\/p>\n","protected":false},"author":1,"featured_media":0,"parent":0,"menu_order":0,"comment_status":"closed","ping_status":"closed","template":"","meta":{"footnotes":""},"class_list":["post-7101","page","type-page","status-publish","hentry"],"_links":{"self":[{"href":"https:\/\/gadquisapincha.gob.ec\/index.php\/wp-json\/wp\/v2\/pages\/7101","targetHints":{"allow":["GET"]}}],"collection":[{"href":"https:\/\/gadquisapincha.gob.ec\/index.php\/wp-json\/wp\/v2\/pages"}],"about":[{"href":"https:\/\/gadquisapincha.gob.ec\/index.php\/wp-json\/wp\/v2\/types\/page"}],"author":[{"embeddable":true,"href":"https:\/\/gadquisapincha.gob.ec\/index.php\/wp-json\/wp\/v2\/users\/1"}],"replies":[{"embeddable":true,"href":"https:\/\/gadquisapincha.gob.ec\/index.php\/wp-json\/wp\/v2\/comments?post=7101"}],"version-history":[{"count":38,"href":"https:\/\/gadquisapincha.gob.ec\/index.php\/wp-json\/wp\/v2\/pages\/7101\/revisions"}],"predecessor-version":[{"id":11493,"href":"https:\/\/gadquisapincha.gob.ec\/index.php\/wp-json\/wp\/v2\/pages\/7101\/revisions\/11493"}],"wp:attachment":[{"href":"https:\/\/gadquisapincha.gob.ec\/index.php\/wp-json\/wp\/v2\/media?parent=7101"}],"curies":[{"name":"wp","href":"https:\/\/api.w.org\/{rel}","templated":true}]}}