{"id":11813,"date":"2024-06-26T16:41:37","date_gmt":"2024-06-26T14:41:37","guid":{"rendered":"https:\/\/gadquisapincha.gob.ec\/?page_id=11813"},"modified":"2025-08-27T15:41:04","modified_gmt":"2025-08-27T13:41:04","slug":"rendicion-de-cuentas","status":"publish","type":"page","link":"https:\/\/gadquisapincha.gob.ec\/index.php\/rendicion-de-cuentas\/","title":{"rendered":"Rendici\u00f3n de Cuentas"},"content":{"rendered":"\t\t<div data-elementor-type=\"wp-page\" data-elementor-id=\"11813\" class=\"elementor elementor-11813\" data-elementor-post-type=\"page\">\n\t\t\t\t<div class=\"elementor-element elementor-element-87fe00b e-flex e-con-boxed e-con e-parent\" data-id=\"87fe00b\" data-element_type=\"container\" data-e-type=\"container\">\n\t\t\t\t\t<div class=\"e-con-inner\">\n\t\t\t\t<div class=\"elementor-element elementor-element-adb2e97 elementor-widget elementor-widget-ld_accordion\" data-id=\"adb2e97\" data-element_type=\"widget\" data-e-type=\"widget\" data-widget_type=\"ld_accordion.default\">\n\t\t\t\t<div class=\"elementor-widget-container\">\n\t\t\t\t\t\n\t\t<div class=\"accordion accordion-sm\" id=\"accordion-69f2dade070e2\">\n\t\t\t\t\t\t\t\t\t\t\t\t<div class=\"accordion-item panel  active\">\n\n\t\t\t\t<div class=\"accordion-heading\" id=\"heading-1821\">\n\t\t\t\t<h4 class=\"accordion-title  tabindex=\"-1\">\t\t\t\t\t<a class=\"\" data-toggle=\"collapse\" data-bs-toggle=\"collapse\"\n                    tabindex=\"0\"\n\t\t\t\t\tdata-parent=\"#accordion-69f2dade070e2\" data-bs-parent=\"#accordion-69f2dade070e2\" href=\"#collapse-1821\" data-target=\"#collapse-1821\" data-bs-target=\"#collapse-1821\"\n\t\t\t\t\taria-expanded=\"true\" aria-controls=\"collapse-1821\">\n\t\t\t\t\t\t\t\t\t\t\t\t<span class=\"accordion-title-txt\">2024<\/span>\n\t\t\t\t\t\t\t\t\t\t\t\t\t<span class=\"accordion-expander\"><i class=\"fa fa-chevron-down\"><\/i><i class=\"fa fa-chevron-up\"><\/i><\/span>\t\t\t\t\t\t\t\t\t\t\t<\/a>\n\t\t\t\t<\/h4>\t\t\t\t<\/div>\n\n\t\t\t\t<div id=\"collapse-1821\" class=\"accordion-collapse collapse  show\" data-bs-parent=\"#accordion-69f2dade070e2\" aria-labelledby=\"heading-1821\">\n\n\t\t\t\t<div class=\"accordion-content\">\n\t\t\t\t\t<p><span style=\"color: #000000; font-size: 18px; font-family: impact, sans-serif;\">Fase 1<\/span><\/p><p><a href=\"https:\/\/gadquisapincha.gob.ec\/wp-content\/uploads\/2025\/08\/Acta-de-reunion-de-trabajo-con-autoridades-electas-y-cuerpo-tecnico.pdf\" target=\"_blank\" rel=\"noopener\">Acta de reuni\u00f3n de trabajo con autoridades electas y cuerpo t\u00e9cnico<\/a><\/p><p><a href=\"https:\/\/gadquisapincha.gob.ec\/wp-content\/uploads\/2025\/08\/Mapeo-de-actores.pdf\" target=\"_blank\" rel=\"noopener\">Mapeo de actores<\/a><\/p><p><a href=\"https:\/\/gadquisapincha.gob.ec\/wp-content\/uploads\/2025\/08\/Convocatoria-planificacion-y-facilitacion-de-la-asamblea-local-ciudadana.pdf\" target=\"_blank\" rel=\"noopener\">Convocatoria planificaci\u00f3n y facilitaci\u00f3n de la asamblea local ciudadana<\/a><\/p><p><a href=\"https:\/\/gadquisapincha.gob.ec\/wp-content\/uploads\/2025\/08\/Asamblea-general.pdf\" target=\"_blank\" rel=\"noopener\">Asamblea general<\/a><\/p><p><a href=\"https:\/\/gadquisapincha.gob.ec\/wp-content\/uploads\/2025\/08\/Acta-de-conformacion-del-equipo-tecnico-y-paritario-para-el-proceso-de-rendicion-de-cuentas.pdf\" target=\"_blank\" rel=\"noopener\">Acta de conformaci\u00f3n del equipo t\u00e9cnico y paritario para el proceso de rendici\u00f3n de cuentas<\/a><\/p><p><a href=\"https:\/\/gadquisapincha.gob.ec\/wp-content\/uploads\/2025\/08\/Registro-de-recibido-de-documentacion-consejo-de-planificacion.pdf\" target=\"_blank\" rel=\"noopener\">Registro de recibido de documentaci\u00f3n, consejo de planificaci\u00f3n<\/a><\/p><p><a href=\"https:\/\/gadquisapincha.gob.ec\/wp-content\/uploads\/2025\/08\/Preguntas-ciudadanas.pdf\" target=\"_blank\" rel=\"noopener\">Preguntas ciudadanas<\/a><\/p><p><a href=\"https:\/\/gadquisapincha.gob.ec\/wp-content\/uploads\/2025\/08\/Entrega-de-temas-priorizados-para-la-rendicion-de-cuentas.pdf\" target=\"_blank\" rel=\"noopener\">Entrega de temas priorizados para la rendici\u00f3n de cuentas<\/a><\/p><p><a href=\"https:\/\/gadquisapincha.gob.ec\/wp-content\/uploads\/2025\/08\/Informe-tecnico-conformacion-de-subcomiciones.pdf\" target=\"_blank\" rel=\"noopener\">Informe t\u00e9cnico conformaci\u00f3n de subcomiciones<\/a><\/p><p><span style=\"font-family: impact, sans-serif; color: #000000; font-size: 18px;\">Fase2<\/span><\/p><p><a href=\"https:\/\/gadquisapincha.gob.ec\/wp-content\/uploads\/2025\/08\/Informe-de-evaluacion-de-la-gestion-institucional.pdf\" target=\"_blank\" rel=\"noopener\">Informe de evaluaci\u00f3n de la gesti\u00f3n institucional<\/a><\/p><p><a href=\"https:\/\/gadquisapincha.gob.ec\/wp-content\/uploads\/2025\/08\/ReporteInformeGad.pdf\" target=\"_blank\" rel=\"noopener\">Informe de rendici\u00f3n de cuentas GAD 2024<\/a><\/p><p><a href=\"https:\/\/gadquisapincha.gob.ec\/wp-content\/uploads\/2025\/08\/Entrega-de-informe-de-la-rendicion-de-cuentas-para-aprobacion.pdf\" target=\"_blank\" rel=\"noopener\">Entrega de informe de la rendici\u00f3n de cuentas para aprobaci\u00f3n<\/a><\/p><p><a href=\"https:\/\/gadquisapincha.gob.ec\/wp-content\/uploads\/2025\/08\/Informe-de-aprobacion-de-informes-de-rendicion-de-cuentas.pdf\" target=\"_blank\" rel=\"noopener\">Informe de aprobaci\u00f3n de informes de rendici\u00f3n de cuentas<\/a><\/p><p><a href=\"https:\/\/gadquisapincha.gob.ec\/wp-content\/uploads\/2025\/08\/Entrega-de-informe-de-rendicion-de-cuentas-2024.pdf\" target=\"_blank\" rel=\"noopener\">Entrega de informe de rendicion de cuentas 2024<\/a><\/p><p><span style=\"font-size: 18px; font-family: impact, sans-serif; color: #000000;\">Fase 3<\/span><\/p><p><a href=\"https:\/\/gadquisapincha.gob.ec\/wp-content\/uploads\/2025\/08\/Informe-de-evaluacion-de-rendicion-de-cuentas-2024.pdf\" target=\"_blank\" rel=\"noopener\">Informe de evaluaci\u00f3n de rendici\u00f3n de cuentas 2024<\/a><\/p><p><a href=\"https:\/\/gadquisapincha.gob.ec\/wp-content\/uploads\/2025\/08\/Presentacion-observaciones-al-informe-de-rendicion-de-cuentas.pdf\" target=\"_blank\" rel=\"noopener\">Presentaci\u00f3n observaciones al informe de rendici\u00f3n de cuentas<\/a><\/p><p><a href=\"https:\/\/gadquisapincha.gob.ec\/wp-content\/uploads\/2025\/08\/Invitacion-a-la-deliberacion-de-la-rendicion-de-cuentas-periodo-2024.pdf\" target=\"_blank\" rel=\"noopener\">Invitacion a la deliberaci\u00f3n de la rendici\u00f3n de cuentas per\u00edodo 2024<\/a><\/p><p><a href=\"https:\/\/gadquisapincha.gob.ec\/wp-content\/uploads\/2025\/08\/Respuesta-a-inquietudes.pdf\" target=\"_blank\" rel=\"noopener\">Respuesta a inquietudes.<\/a><\/p><p><a href=\"https:\/\/gadquisapincha.gob.ec\/wp-content\/uploads\/2025\/08\/Acta-de-compromisos-de-la-rendicion-de-cuentas.pdf\" target=\"_blank\" rel=\"noopener\">Acta de compromisos de la rendici\u00f3n de cuentas<\/a><\/p><p><span style=\"font-family: impact, sans-serif; font-size: 18px; color: #000000;\">Fase 4<\/span><\/p><p><a href=\"https:\/\/gadquisapincha.gob.ec\/wp-content\/uploads\/2025\/08\/Plan-de-trabajo-seguimiento-de-compromisos.pdf\" target=\"_blank\" rel=\"noopener\">Plan de trabajo seguimiento de compromisos<\/a><\/p><p><span style=\"color: #000000; font-family: impact, sans-serif; font-size: 18px;\">Video Rendici\u00f3n de cuentas<\/span><\/p><p><a href=\"https:\/\/youtu.be\/_W8iqTFwko0\" target=\"_blank\" rel=\"noopener\">Deliberaci\u00f3n rendici\u00f3n de cuentas per\u00edodo 2024<\/a><\/p>\t\t\t\t<\/div>\n\n\t\t\t\t<\/div>\n\n\t\t\t<\/div>\n\t\t\t\t\t\t\t\t\t<div class=\"accordion-item panel \">\n\n\t\t\t\t<div class=\"accordion-heading\" id=\"heading-1822\">\n\t\t\t\t<h4 class=\"accordion-title  tabindex=\"-1\">\t\t\t\t\t<a class=\"collapsed\" data-toggle=\"collapse\" data-bs-toggle=\"collapse\"\n                    tabindex=\"0\"\n\t\t\t\t\tdata-parent=\"#accordion-69f2dade070e2\" data-bs-parent=\"#accordion-69f2dade070e2\" href=\"#collapse-1822\" data-target=\"#collapse-1822\" data-bs-target=\"#collapse-1822\"\n\t\t\t\t\taria-expanded=\"false\" aria-controls=\"collapse-1822\">\n\t\t\t\t\t\t\t\t\t\t\t\t<span class=\"accordion-title-txt\">2023<\/span>\n\t\t\t\t\t\t\t\t\t\t\t\t\t<span class=\"accordion-expander\"><i class=\"fa fa-chevron-down\"><\/i><i class=\"fa fa-chevron-up\"><\/i><\/span>\t\t\t\t\t\t\t\t\t\t\t<\/a>\n\t\t\t\t<\/h4>\t\t\t\t<\/div>\n\n\t\t\t\t<div id=\"collapse-1822\" class=\"accordion-collapse collapse \" data-bs-parent=\"#accordion-69f2dade070e2\" aria-labelledby=\"heading-1822\">\n\n\t\t\t\t<div class=\"accordion-content\">\n\t\t\t\t\t<p><a href=\"https:\/\/gadquisapincha.gob.ec\/wp-content\/uploads\/2024\/09\/Informe-rendicion-de-cuentas-Gad-Quisapincha.pdf\" target=\"_blank\" rel=\"noopener\">Informe rendici\u00f3n de cuentas Gad Quisapincha<\/a><\/p><p><a href=\"https:\/\/gadquisapincha.gob.ec\/wp-content\/uploads\/2025\/08\/Acta-de-definicion-participativa-de-prioridades-de-inversion.pdf\" target=\"_blank\" rel=\"noopener\">Acta de definici\u00f3n participativa<\/a><\/p><p><a href=\"https:\/\/gadquisapincha.gob.ec\/wp-content\/uploads\/2025\/08\/Acta-de-la-sesion-de-rendicion-de-cuentas-del-GADPRQ.pdf\" target=\"_blank\" rel=\"noopener\">Acta de sesi\u00f3n de la rendici\u00f3n de cuentas<\/a><\/p><p><a href=\"https:\/\/gadquisapincha.gob.ec\/wp-content\/uploads\/2025\/08\/Acta-de-priorizacion-del-presupuesto-participativo-2024.pdf\" target=\"_blank\" rel=\"noopener\">Acta de priorizaci\u00f3n del presupuesto participativo<\/a><\/p><p><a href=\"https:\/\/gadquisapincha.gob.ec\/wp-content\/uploads\/2025\/08\/Aprobacion-de-de-evaluacion.pdf\" target=\"_blank\" rel=\"noopener\">Aprobaci\u00f3n de de evaluaci\u00f3n<\/a><\/p><p><a href=\"https:\/\/gadquisapincha.gob.ec\/wp-content\/uploads\/2025\/08\/Cronograma-periodo-fiscal-2023.pdf\" target=\"_blank\" rel=\"noopener\">Cronograma per\u00edodo fiscal 2023<\/a><\/p><p><a href=\"https:\/\/gadquisapincha.gob.ec\/wp-content\/uploads\/2025\/08\/Informe-de-evaluacion-de-la-gestion-institucional-del-GADPRQ.pdf\" target=\"_blank\" rel=\"noopener\">Informe de evaluaci\u00f3n de la gesti\u00f3n institucional del GADPRQ<\/a><\/p><p><a href=\"https:\/\/gadquisapincha.gob.ec\/wp-content\/uploads\/2025\/08\/Informe-entrega.pdf\" target=\"_blank\" rel=\"noopener\">Informe entrega<\/a><\/p><p><a href=\"https:\/\/gadquisapincha.gob.ec\/wp-content\/uploads\/2025\/08\/Invitacion-rendicion-de-cuentas.pdf\" target=\"_blank\" rel=\"noopener\">Invitaci\u00f3n rendici\u00f3n de cuentas<\/a><\/p><p><a href=\"https:\/\/gadquisapincha.gob.ec\/wp-content\/uploads\/2025\/08\/Plan-de-trabajo-del-GADPRQ.pdf\" target=\"_blank\" rel=\"noopener\">Plan de trabajo del GADPRQ<\/a><\/p><p><a href=\"https:\/\/gadquisapincha.gob.ec\/wp-content\/uploads\/2025\/08\/Resolucion-conformacion-del-consejo-de-planificacion.pdf\" target=\"_blank\" rel=\"noopener\">Resoluci\u00f3n conformaci\u00f3n del consejo de planificaci\u00f3n<\/a><\/p>\t\t\t\t<\/div>\n\n\t\t\t\t<\/div>\n\n\t\t\t<\/div>\n\t\t\t\t\t\t\n\t\t<\/div>\n\n\t\t\t\t\t\t<\/div>\n\t\t\t\t<\/div>\n\t\t\t\t\t<\/div>\n\t\t\t\t<\/div>\n\t\t\t\t<\/div>\n\t\t","protected":false},"excerpt":{"rendered":"<p>2023 Informe rendici\u00f3n de cuentas Gad Quisapincha Acta de definici\u00f3n participativa Acta de sesi\u00f3n de la rendici\u00f3n de cuentas Acta de priorizaci\u00f3n del presupuesto participativo Aprobaci\u00f3n de de evaluaci\u00f3n Cronograma per\u00edodo fiscal 2023 Informe de evaluaci\u00f3n de la gesti\u00f3n institucional del GADPRQ Informe entrega Invitaci\u00f3n rendici\u00f3n de cuentas Plan de trabajo del GADPRQ Resoluci\u00f3n conformaci\u00f3n [&hellip;]<\/p>\n","protected":false},"author":1,"featured_media":8620,"parent":0,"menu_order":0,"comment_status":"closed","ping_status":"closed","template":"","meta":{"footnotes":""},"class_list":["post-11813","page","type-page","status-publish","has-post-thumbnail","hentry"],"_links":{"self":[{"href":"https:\/\/gadquisapincha.gob.ec\/index.php\/wp-json\/wp\/v2\/pages\/11813","targetHints":{"allow":["GET"]}}],"collection":[{"href":"https:\/\/gadquisapincha.gob.ec\/index.php\/wp-json\/wp\/v2\/pages"}],"about":[{"href":"https:\/\/gadquisapincha.gob.ec\/index.php\/wp-json\/wp\/v2\/types\/page"}],"author":[{"embeddable":true,"href":"https:\/\/gadquisapincha.gob.ec\/index.php\/wp-json\/wp\/v2\/users\/1"}],"replies":[{"embeddable":true,"href":"https:\/\/gadquisapincha.gob.ec\/index.php\/wp-json\/wp\/v2\/comments?post=11813"}],"version-history":[{"count":37,"href":"https:\/\/gadquisapincha.gob.ec\/index.php\/wp-json\/wp\/v2\/pages\/11813\/revisions"}],"predecessor-version":[{"id":12114,"href":"https:\/\/gadquisapincha.gob.ec\/index.php\/wp-json\/wp\/v2\/pages\/11813\/revisions\/12114"}],"wp:featuredmedia":[{"embeddable":true,"href":"https:\/\/gadquisapincha.gob.ec\/index.php\/wp-json\/wp\/v2\/media\/8620"}],"wp:attachment":[{"href":"https:\/\/gadquisapincha.gob.ec\/index.php\/wp-json\/wp\/v2\/media?parent=11813"}],"curies":[{"name":"wp","href":"https:\/\/api.w.org\/{rel}","templated":true}]}}