{"id":11083,"date":"2023-12-13T20:31:44","date_gmt":"2023-12-13T19:31:44","guid":{"rendered":"https:\/\/gadquisapincha.gob.ec\/?page_id=11083"},"modified":"2023-12-19T18:19:57","modified_gmt":"2023-12-19T17:19:57","slug":"contabilidad","status":"publish","type":"page","link":"https:\/\/gadquisapincha.gob.ec\/index.php\/contabilidad\/","title":{"rendered":"Contabilidad"},"content":{"rendered":"\t\t<div data-elementor-type=\"wp-page\" data-elementor-id=\"11083\" class=\"elementor elementor-11083\" data-elementor-post-type=\"page\">\n\t\t\t\t<div class=\"elementor-element elementor-element-790e2327 e-flex e-con-boxed e-con e-parent\" data-id=\"790e2327\" data-element_type=\"container\" data-e-type=\"container\" data-settings=\"{&quot;background_background&quot;:&quot;classic&quot;}\">\n\t\t\t\t\t<div class=\"e-con-inner\">\n\t\t<div data-custom-animations=\"true\" data-ca-options=\"{&quot;addChildTimelines&quot;:false,&quot;trigger&quot;:&quot;firstChild&quot;,&quot;animationTarget&quot;:&quot;:scope  &gt; .elementor-element:not(.lqd-exclude-parent-ca) &gt; .elementor-widget-container, :scope  &gt; .elementor-widget-hub_fancy_heading .lqd-split-lines .lqd-lines .split-inner, :scope  &gt; .elementor-widget-hub_fancy_heading .lqd-split-words .lqd-words .split-inner, :scope  &gt; .elementor-widget-hub_fancy_heading .lqd-split-chars .lqd-chars .split-inner, :scope  &gt; .elementor-widget-hub_fancy_heading .lqd-adv-txt-fig, :scope  &gt; .elementor-widget-ld_custom_menu .lqd-fancy-menu &gt; ul &gt; li, :scope .e-con:not([data-parallax]) .elementor-element &gt; .elementor-widget-container, :scope .e-con:not([data-parallax]) .elementor-widget-hub_fancy_heading .lqd-split-lines .lqd-lines .split-inner, :scope .e-con:not([data-parallax]) .elementor-widget-hub_fancy_heading .lqd-split-words .lqd-words .split-inner, :scope .e-con:not([data-parallax]) .elementor-widget-hub_fancy_heading .lqd-split-chars .lqd-chars .split-inner, :scope .e-con:not([data-parallax]) .elementor-widget-ld_custom_menu .lqd-fancy-menu &gt; ul &gt; li&quot;,&quot;duration&quot;:600,&quot;ease&quot;:&quot;back.out&quot;,&quot;initValues&quot;:{&quot;x&quot;:&quot;-10px&quot;,&quot;y&quot;:&quot;30px&quot;,&quot;rotationX&quot;:20,&quot;opacity&quot;:0,&quot;transformOrigin&quot;:&quot;50% 50% 0px&quot;},&quot;animations&quot;:{&quot;x&quot;:&quot;0px&quot;,&quot;y&quot;:&quot;0px&quot;,&quot;rotationX&quot;:0,&quot;opacity&quot;:1,&quot;transformOrigin&quot;:&quot;50% 50% 0px&quot;}}\" class=\"elementor-element elementor-element-3e8b6777 e-con-full e-flex e-con e-child\" data-id=\"3e8b6777\" data-element_type=\"container\" data-e-type=\"container\">\n\t\t\t\t<div class=\"elementor-element elementor-element-38068c97 elementor-widget__width-inherit elementor-widget-tablet__width-inherit elementor-widget elementor-widget-hub_fancy_heading\" data-id=\"38068c97\" data-element_type=\"widget\" data-e-type=\"widget\" data-widget_type=\"hub_fancy_heading.default\">\n\t\t\t\t<div class=\"elementor-widget-container\">\n\t\t\t\t\t\n\t\t<div id=\"ld-fancy-heading-69e78eeb6b367\" class=\"ld-fancy-heading pos-rel\">\n\t\t\t<p class=\"ld-fh-element d-inline-block pos-rel  lqd-highlight-classic lqd-highlight-grow-left p\"  > Aqu\u00ed encontrar\u00e1s archivos p\u00fablicos que detallan la contabilidad y el manejo de recursos. Estamos comprometidos con la apertura y rendici\u00f3n de cuentas, brindando a la comunidad<\/p>\t\t<\/div>\n\n\t\t\t\t\t\t<\/div>\n\t\t\t\t<\/div>\n\t\t\t\t<\/div>\n\t\t<div class=\"elementor-element elementor-element-2223a57 e-flex e-con-boxed e-con e-child\" data-id=\"2223a57\" data-element_type=\"container\" data-e-type=\"container\">\n\t\t\t\t\t<div class=\"e-con-inner\">\n\t\t\t\t<div class=\"elementor-element elementor-element-e875006 elementor-widget__width-inherit elementor-widget elementor-widget-ld_tabs\" data-id=\"e875006\" data-element_type=\"widget\" data-e-type=\"widget\" data-widget_type=\"ld_tabs.default\">\n\t\t\t\t<div class=\"elementor-widget-container\">\n\t\t\t\t\t\t\t<div class=\"lqd-tabs lqd-tabs-style-3 lqd-tabs-nav-iconbox lqd-tabs-nav-items-not-expanded  e875006 lqd-nav-underline-\" data-tabs-options=\"{&quot;trigger&quot;:&quot;click&quot;}\">\n\n\t\t\t<nav class=\"lqd-tabs-nav-wrap mb-5\">\n\t\t\t\t<ul class=\"reset-ul lqd-tabs-nav d-flex align-items-center justify-content-md-center pos-rel\" role=\"tablist\"><li data-controls=\"lqd-tab-2431\" role=\"presentation\" class=\"elementor-repeater-item-d3ff532 active text-center\"><a class=\"d-block\" href=\"#lqd-tab-2431\" data-bs-target=\"#lqd-tab-2431\" aria-expanded=\"false\" aria-controls=\"lqd-tab-2431\" role=\"tab\" data-toggle=\"tab\" data-bs-toggle=\"tab\"><span class=\"lqd-tabs-nav-icon d-block\"><span class=\"lqd-tabs-nav-content d-block\"><span class=\"d-block pos-rel h3 mt-0 mb-0\">2016<\/span><\/span><\/span><span class=\"lqd-tabs-nav-progress\"><span class=\"lqd-tabs-nav-progress-inner\"><\/span><\/span><\/a><\/li><\/ul>\t\t\t\t\t\t\t<\/nav>\n\n\t\t\t<div class=\"lqd-tabs-content pos-rel\"><div id=\"lqd-tab-2431\" role=\"tabpanel\" class=\"lqd-tabs-pane fade active in\"><style>.elementor-11093 .elementor-element.elementor-element-ba12383{--display:flex;--flex-direction:column;--container-widget-width:100%;--container-widget-height:initial;--container-widget-flex-grow:0;--container-widget-align-self:initial;--flex-wrap-mobile:wrap;}.elementor-11093 .elementor-element.elementor-element-196f522 .elementor-icon-box-wrapper{align-items:center;gap:12px;}.elementor-11093 .elementor-element.elementor-element-196f522.elementor-view-stacked .elementor-icon{background-color:#592929;}.elementor-11093 .elementor-element.elementor-element-196f522.elementor-view-framed .elementor-icon, .elementor-11093 .elementor-element.elementor-element-196f522.elementor-view-default .elementor-icon{fill:#592929;color:#592929;border-color:#592929;}.elementor-11093 .elementor-element.elementor-element-196f522 .elementor-icon{font-size:40px;}.elementor-11093 .elementor-element.elementor-element-196f522 .elementor-icon-box-title, .elementor-11093 .elementor-element.elementor-element-196f522 .elementor-icon-box-title a{font-size:17px;}.elementor-11093 .elementor-element.elementor-element-196f522 > .elementor-widget-container{margin:1rem 0rem 1rem 0rem;}.elementor-11093 .elementor-element.elementor-element-1dda803 .elementor-icon-box-wrapper{align-items:center;gap:12px;}.elementor-11093 .elementor-element.elementor-element-1dda803.elementor-view-stacked .elementor-icon{background-color:#592929;}.elementor-11093 .elementor-element.elementor-element-1dda803.elementor-view-framed .elementor-icon, .elementor-11093 .elementor-element.elementor-element-1dda803.elementor-view-default .elementor-icon{fill:#592929;color:#592929;border-color:#592929;}.elementor-11093 .elementor-element.elementor-element-1dda803 .elementor-icon{font-size:40px;}.elementor-11093 .elementor-element.elementor-element-1dda803 .elementor-icon-box-title, .elementor-11093 .elementor-element.elementor-element-1dda803 .elementor-icon-box-title a{font-size:17px;}.elementor-11093 .elementor-element.elementor-element-1dda803 > .elementor-widget-container{margin:1rem 0rem 1rem 0rem;}.elementor-11093 .elementor-element.elementor-element-671e6a0 .elementor-icon-box-wrapper{align-items:center;gap:12px;}.elementor-11093 .elementor-element.elementor-element-671e6a0.elementor-view-stacked .elementor-icon{background-color:#592929;}.elementor-11093 .elementor-element.elementor-element-671e6a0.elementor-view-framed .elementor-icon, .elementor-11093 .elementor-element.elementor-element-671e6a0.elementor-view-default .elementor-icon{fill:#592929;color:#592929;border-color:#592929;}.elementor-11093 .elementor-element.elementor-element-671e6a0 .elementor-icon{font-size:40px;}.elementor-11093 .elementor-element.elementor-element-671e6a0 .elementor-icon-box-title, .elementor-11093 .elementor-element.elementor-element-671e6a0 .elementor-icon-box-title a{font-size:17px;}.elementor-11093 .elementor-element.elementor-element-671e6a0 > .elementor-widget-container{margin:1rem 0rem 1rem 0rem;}.elementor-11093 .elementor-element.elementor-element-c15d78d{--display:flex;}@media(max-width:767px){.elementor-11093 .elementor-element.elementor-element-196f522 .elementor-icon-box-wrapper{text-align:start;}.elementor-11093 .elementor-element.elementor-element-196f522 .elementor-icon-box-title, .elementor-11093 .elementor-element.elementor-element-196f522 .elementor-icon-box-title a{font-size:14px;}.elementor-11093 .elementor-element.elementor-element-196f522 > .elementor-widget-container{margin:0rem 0rem 1rem 0rem;}.elementor-11093 .elementor-element.elementor-element-1dda803 .elementor-icon-box-wrapper{text-align:start;}.elementor-11093 .elementor-element.elementor-element-1dda803 .elementor-icon-box-title, .elementor-11093 .elementor-element.elementor-element-1dda803 .elementor-icon-box-title a{font-size:14px;}.elementor-11093 .elementor-element.elementor-element-1dda803 > .elementor-widget-container{margin:0rem 0rem 1rem 0rem;}.elementor-11093 .elementor-element.elementor-element-671e6a0 .elementor-icon-box-wrapper{text-align:start;}.elementor-11093 .elementor-element.elementor-element-671e6a0 .elementor-icon-box-title, .elementor-11093 .elementor-element.elementor-element-671e6a0 .elementor-icon-box-title a{font-size:14px;}}<\/style>\t\t<div data-elementor-type=\"section\" data-elementor-id=\"11093\" class=\"elementor elementor-11093\" data-elementor-post-type=\"elementor_library\">\n\t\t\t<div class=\"elementor-element elementor-element-ba12383 e-flex e-con-boxed e-con e-parent\" data-id=\"ba12383\" data-element_type=\"container\" data-e-type=\"container\">\n\t\t\t\t\t<div class=\"e-con-inner\">\n\t\t\t\t<div class=\"elementor-element elementor-element-196f522 elementor-position-inline-start elementor-mobile-position-inline-start elementor-view-default elementor-widget elementor-widget-icon-box\" data-id=\"196f522\" data-element_type=\"widget\" data-e-type=\"widget\" data-widget_type=\"icon-box.default\">\n\t\t\t\t<div class=\"elementor-widget-container\">\n\t\t\t\t\t\t\t<div class=\"elementor-icon-box-wrapper\">\n\n\t\t\t\t\t\t<div class=\"elementor-icon-box-icon\">\n\t\t\t\t<a href=\"\/wp-content\/uploads\/2023\/12\/RENUMERACIONES-ACTUALES-16.pdf\" target=\"_blank\" class=\"elementor-icon\" tabindex=\"-1\" aria-label=\"Remuneraciones Actuales\">\n\t\t\t\t<svg aria-hidden=\"true\" class=\"e-font-icon-svg e-far-file-alt\" viewBox=\"0 0 384 512\" xmlns=\"http:\/\/www.w3.org\/2000\/svg\"><path d=\"M288 248v28c0 6.6-5.4 12-12 12H108c-6.6 0-12-5.4-12-12v-28c0-6.6 5.4-12 12-12h168c6.6 0 12 5.4 12 12zm-12 72H108c-6.6 0-12 5.4-12 12v28c0 6.6 5.4 12 12 12h168c6.6 0 12-5.4 12-12v-28c0-6.6-5.4-12-12-12zm108-188.1V464c0 26.5-21.5 48-48 48H48c-26.5 0-48-21.5-48-48V48C0 21.5 21.5 0 48 0h204.1C264.8 0 277 5.1 286 14.1L369.9 98c9 8.9 14.1 21.2 14.1 33.9zm-128-80V128h76.1L256 51.9zM336 464V176H232c-13.3 0-24-10.7-24-24V48H48v416h288z\"><\/path><\/svg>\t\t\t\t<\/a>\n\t\t\t<\/div>\n\t\t\t\n\t\t\t\t\t\t<div class=\"elementor-icon-box-content\">\n\n\t\t\t\t\t\t\t\t\t<h3 class=\"elementor-icon-box-title\">\n\t\t\t\t\t\t<a href=\"\/wp-content\/uploads\/2023\/12\/RENUMERACIONES-ACTUALES-16.pdf\" target=\"_blank\" >\n\t\t\t\t\t\t\tRemuneraciones Actuales\t\t\t\t\t\t<\/a>\n\t\t\t\t\t<\/h3>\n\t\t\t\t\n\t\t\t\t\n\t\t\t<\/div>\n\t\t\t\n\t\t<\/div>\n\t\t\t\t\t\t<\/div>\n\t\t\t\t<\/div>\n\t\t\t\t<div class=\"elementor-element elementor-element-1dda803 elementor-position-inline-start elementor-mobile-position-inline-start elementor-view-default elementor-widget elementor-widget-icon-box\" data-id=\"1dda803\" data-element_type=\"widget\" data-e-type=\"widget\" data-widget_type=\"icon-box.default\">\n\t\t\t\t<div class=\"elementor-widget-container\">\n\t\t\t\t\t\t\t<div class=\"elementor-icon-box-wrapper\">\n\n\t\t\t\t\t\t<div class=\"elementor-icon-box-icon\">\n\t\t\t\t<a href=\"\/wp-content\/uploads\/2023\/12\/POA-2016.pdf\" target=\"_blank\" class=\"elementor-icon\" tabindex=\"-1\" aria-label=\"POA 2016\">\n\t\t\t\t<svg aria-hidden=\"true\" class=\"e-font-icon-svg e-far-file-alt\" viewBox=\"0 0 384 512\" xmlns=\"http:\/\/www.w3.org\/2000\/svg\"><path d=\"M288 248v28c0 6.6-5.4 12-12 12H108c-6.6 0-12-5.4-12-12v-28c0-6.6 5.4-12 12-12h168c6.6 0 12 5.4 12 12zm-12 72H108c-6.6 0-12 5.4-12 12v28c0 6.6 5.4 12 12 12h168c6.6 0 12-5.4 12-12v-28c0-6.6-5.4-12-12-12zm108-188.1V464c0 26.5-21.5 48-48 48H48c-26.5 0-48-21.5-48-48V48C0 21.5 21.5 0 48 0h204.1C264.8 0 277 5.1 286 14.1L369.9 98c9 8.9 14.1 21.2 14.1 33.9zm-128-80V128h76.1L256 51.9zM336 464V176H232c-13.3 0-24-10.7-24-24V48H48v416h288z\"><\/path><\/svg>\t\t\t\t<\/a>\n\t\t\t<\/div>\n\t\t\t\n\t\t\t\t\t\t<div class=\"elementor-icon-box-content\">\n\n\t\t\t\t\t\t\t\t\t<h3 class=\"elementor-icon-box-title\">\n\t\t\t\t\t\t<a href=\"\/wp-content\/uploads\/2023\/12\/POA-2016.pdf\" target=\"_blank\" >\n\t\t\t\t\t\t\tPOA 2016\t\t\t\t\t\t<\/a>\n\t\t\t\t\t<\/h3>\n\t\t\t\t\n\t\t\t\t\n\t\t\t<\/div>\n\t\t\t\n\t\t<\/div>\n\t\t\t\t\t\t<\/div>\n\t\t\t\t<\/div>\n\t\t\t\t<div class=\"elementor-element elementor-element-671e6a0 elementor-position-inline-start elementor-mobile-position-inline-start elementor-view-default elementor-widget elementor-widget-icon-box\" data-id=\"671e6a0\" data-element_type=\"widget\" data-e-type=\"widget\" data-widget_type=\"icon-box.default\">\n\t\t\t\t<div class=\"elementor-widget-container\">\n\t\t\t\t\t\t\t<div class=\"elementor-icon-box-wrapper\">\n\n\t\t\t\t\t\t<div class=\"elementor-icon-box-icon\">\n\t\t\t\t<a href=\"\/wp-content\/uploads\/2023\/12\/PAC-2016.pdf\" target=\"_blank\" class=\"elementor-icon\" tabindex=\"-1\" aria-label=\"PAC 2016\">\n\t\t\t\t<svg aria-hidden=\"true\" class=\"e-font-icon-svg e-far-file-alt\" viewBox=\"0 0 384 512\" xmlns=\"http:\/\/www.w3.org\/2000\/svg\"><path d=\"M288 248v28c0 6.6-5.4 12-12 12H108c-6.6 0-12-5.4-12-12v-28c0-6.6 5.4-12 12-12h168c6.6 0 12 5.4 12 12zm-12 72H108c-6.6 0-12 5.4-12 12v28c0 6.6 5.4 12 12 12h168c6.6 0 12-5.4 12-12v-28c0-6.6-5.4-12-12-12zm108-188.1V464c0 26.5-21.5 48-48 48H48c-26.5 0-48-21.5-48-48V48C0 21.5 21.5 0 48 0h204.1C264.8 0 277 5.1 286 14.1L369.9 98c9 8.9 14.1 21.2 14.1 33.9zm-128-80V128h76.1L256 51.9zM336 464V176H232c-13.3 0-24-10.7-24-24V48H48v416h288z\"><\/path><\/svg>\t\t\t\t<\/a>\n\t\t\t<\/div>\n\t\t\t\n\t\t\t\t\t\t<div class=\"elementor-icon-box-content\">\n\n\t\t\t\t\t\t\t\t\t<h3 class=\"elementor-icon-box-title\">\n\t\t\t\t\t\t<a href=\"\/wp-content\/uploads\/2023\/12\/PAC-2016.pdf\" target=\"_blank\" >\n\t\t\t\t\t\t\tPAC 2016\t\t\t\t\t\t<\/a>\n\t\t\t\t\t<\/h3>\n\t\t\t\t\n\t\t\t\t\n\t\t\t<\/div>\n\t\t\t\n\t\t<\/div>\n\t\t\t\t\t\t<\/div>\n\t\t\t\t<\/div>\n\t\t\t\t\t<\/div>\n\t\t\t\t<\/div>\n\t\t<div class=\"elementor-element elementor-element-c15d78d e-flex e-con-boxed e-con e-parent\" data-id=\"c15d78d\" data-element_type=\"container\" data-e-type=\"container\">\n\t\t\t\t\t<div class=\"e-con-inner\">\n\t\t\t\t\t<\/div>\n\t\t\t\t<\/div>\n\t\t\t\t<\/div>\n\t\t <\/div><\/div>\n\t\t<\/div>\n\t\t\t\t\t<\/div>\n\t\t\t\t<\/div>\n\t\t\t\t\t<\/div>\n\t\t\t\t<\/div>\n\t\t\t\t\t<\/div>\n\t\t\t\t<\/div>\n\t\t\t\t<section class=\"elementor-section elementor-top-section elementor-element elementor-element-b193d44 elementor-section-full_width elementor-section-height-default elementor-section-height-default\" data-id=\"b193d44\" data-element_type=\"section\" data-e-type=\"section\" data-settings=\"{&quot;background_background&quot;:&quot;classic&quot;}\">\n\t\t\t\t\t\t<div class=\"elementor-container elementor-column-gap-no\">\n\t\t\t\t\t<div class=\"elementor-column elementor-col-100 elementor-top-column elementor-element elementor-element-dcd35fe\" data-id=\"dcd35fe\" data-element_type=\"column\" data-e-type=\"column\">\n\t\t\t<div class=\"elementor-widget-wrap elementor-element-populated\">\n\t\t\t\t\t\t<div class=\"elementor-element elementor-element-804185d elementor-widget elementor-widget-ld_carousel\" data-id=\"804185d\" data-element_type=\"widget\" data-e-type=\"widget\" data-widget_type=\"ld_carousel.default\">\n\t\t\t\t<div class=\"elementor-widget-container\">\n\t\t\t\t\t\n\t\t<div class=\"carousel-container pos-rel carousel-nav-shaped\" id=\"\" >\n\n\t\t\t<div class=\"carousel-items pos-rel \"  data-lqd-flickity='{\"percentPosition\":false,\"columnsAutoWidth\":true,\"marquee\":true,\"draggable\":false,\"pauseAutoPlayOnHover\":false}'>\n\n\t\t\t\t\t\t\t\t<div class=\"flickity-viewport pos-rel w-100 overflow-hidden\">\n\t\t\t\t\t<div class=\"flickity-slider d-flex w-100 h-100 pos-rel align-items-start\" style=\"left: 0; transform: translateX(0%);\">\n\t\t\t\t\t\t\t\t\t\t\t\t\t<div class=\"carousel-item d-flex flex-column justify-content-center elementor-repeater-item-9ccd5a4\">\n\t\t\t\t\t\t\t\t<div class=\"carousel-item-inner pos-rel w-100\">\n\t\t\t\t\t\t\t\t\t<div class=\"carousel-item-content pos-rel w-100\">\n\n\t\t\t\t\t\t\t\t\t\t<h2 style=\"margin: 0; font-size: inherit; line-height: inherit; white-space: nowrap; padding-bottom: .1em; background: linear-gradient(to right, #fbced1, #dc6169, #d6101d); -webkit-background-clip: text !important; background-clip: text !important; -webkit-text-fill-color: transparent !important; text-fill-color: transparent !important;\"><strong>Gobierno Aut\u00f3nomo Descentralizado<\/strong><\/h2>\t\t\t\t\t\t\t\t\t<\/div>\n\t\t\t\t\t\t\t\t<\/div>\n\t\t\t\t\t\t\t<\/div>\n\t\t\t\t\t\t\t\t\t\t\t\t\t<div class=\"carousel-item d-flex flex-column justify-content-center elementor-repeater-item-e76d876\">\n\t\t\t\t\t\t\t\t<div class=\"carousel-item-inner pos-rel w-100\">\n\t\t\t\t\t\t\t\t\t<div class=\"carousel-item-content pos-rel w-100\">\n\n\t\t\t\t\t\t\t\t\t\t<h2 style=\"margin: 0; font-size: inherit; line-height: inherit; white-space: nowrap; padding-bottom: .1em; background: linear-gradient(to right, #fbced1, #dc6169, #d6101d); -webkit-background-clip: text !important; background-clip: text !important; -webkit-text-fill-color: transparent !important; text-fill-color: transparent !important;\"><strong>Gobierno Aut\u00f3nomo Descentralizado<\/strong><\/h2>\t\t\t\t\t\t\t\t\t<\/div>\n\t\t\t\t\t\t\t\t<\/div>\n\t\t\t\t\t\t\t<\/div>\n\t\t\t\t\t\t\t\t\t\t\t<\/div>\n\t\t\t\t<\/div>\n\t\t\t<\/div>\n\t\t\t\n\t\t\t\n\t\t<\/div>\n\t\t\t\t\t\t<\/div>\n\t\t\t\t<\/div>\n\t\t\t\t<div class=\"elementor-element elementor-element-192a468 elementor-widget elementor-widget-ld_carousel\" data-id=\"192a468\" data-element_type=\"widget\" data-e-type=\"widget\" data-widget_type=\"ld_carousel.default\">\n\t\t\t\t<div class=\"elementor-widget-container\">\n\t\t\t\t\t\n\t\t<div class=\"carousel-container pos-rel carousel-nav-shaped\" id=\"\" >\n\n\t\t\t<div class=\"carousel-items pos-rel \"  data-lqd-flickity='{\"percentPosition\":false,\"columnsAutoWidth\":true,\"marquee\":true,\"rightToLeft\":true,\"draggable\":false,\"pauseAutoPlayOnHover\":false}'>\n\n\t\t\t\t\t\t\t\t<div class=\"flickity-viewport pos-rel w-100 overflow-hidden\">\n\t\t\t\t\t<div class=\"flickity-slider d-flex w-100 h-100 pos-rel align-items-start\" style=\"right: 0; transform: translateX(0%);\">\n\t\t\t\t\t\t\t\t\t\t\t\t\t<div class=\"carousel-item d-flex flex-column justify-content-center elementor-repeater-item-0d7bbf3\">\n\t\t\t\t\t\t\t\t<div class=\"carousel-item-inner pos-rel w-100\">\n\t\t\t\t\t\t\t\t\t<div class=\"carousel-item-content pos-rel w-100\">\n\n\t\t\t\t\t\t\t\t\t\t<h2 style=\"margin: 0; font-size: inherit; line-height: inherit; white-space: nowrap; -webkit-text-stroke-color: #000; -webkit-text-stroke-width: 1px; color: transparent; padding-bottom: .1em;\">Rural Quisapincha<\/h2>\t\t\t\t\t\t\t\t\t<\/div>\n\t\t\t\t\t\t\t\t<\/div>\n\t\t\t\t\t\t\t<\/div>\n\t\t\t\t\t\t\t\t\t\t\t\t\t<div class=\"carousel-item d-flex flex-column justify-content-center elementor-repeater-item-0b1a194\">\n\t\t\t\t\t\t\t\t<div class=\"carousel-item-inner pos-rel w-100\">\n\t\t\t\t\t\t\t\t\t<div class=\"carousel-item-content pos-rel w-100\">\n\n\t\t\t\t\t\t\t\t\t\t<h2 style=\"margin: 0; font-size: inherit; line-height: inherit; white-space: nowrap; -webkit-text-stroke-color: #000; -webkit-text-stroke-width: 1px; color: transparent; padding-bottom: .1em;\">Rural Quisapincha<\/h2>\t\t\t\t\t\t\t\t\t<\/div>\n\t\t\t\t\t\t\t\t<\/div>\n\t\t\t\t\t\t\t<\/div>\n\t\t\t\t\t\t\t\t\t\t\t<\/div>\n\t\t\t\t<\/div>\n\t\t\t<\/div>\n\t\t\t\n\t\t\t\n\t\t<\/div>\n\t\t\t\t\t\t<\/div>\n\t\t\t\t<\/div>\n\t\t\t\t\t<\/div>\n\t\t<\/div>\n\t\t\t\t\t<\/div>\n\t\t<\/section>\n\t\t\t\t<\/div>\n\t\t","protected":false},"excerpt":{"rendered":"<p>Aqu\u00ed encontrar\u00e1s archivos p\u00fablicos que detallan la contabilidad y el manejo de recursos. Estamos comprometidos con la apertura y rendici\u00f3n de cuentas, brindando a la comunidad 2016 Remuneraciones Actuales POA 2016 PAC 2016 Gobierno Aut\u00f3nomo Descentralizado Gobierno Aut\u00f3nomo Descentralizado Rural Quisapincha Rural Quisapincha<\/p>\n","protected":false},"author":1,"featured_media":0,"parent":0,"menu_order":0,"comment_status":"closed","ping_status":"closed","template":"","meta":{"footnotes":""},"class_list":["post-11083","page","type-page","status-publish","hentry"],"_links":{"self":[{"href":"https:\/\/gadquisapincha.gob.ec\/index.php\/wp-json\/wp\/v2\/pages\/11083","targetHints":{"allow":["GET"]}}],"collection":[{"href":"https:\/\/gadquisapincha.gob.ec\/index.php\/wp-json\/wp\/v2\/pages"}],"about":[{"href":"https:\/\/gadquisapincha.gob.ec\/index.php\/wp-json\/wp\/v2\/types\/page"}],"author":[{"embeddable":true,"href":"https:\/\/gadquisapincha.gob.ec\/index.php\/wp-json\/wp\/v2\/users\/1"}],"replies":[{"embeddable":true,"href":"https:\/\/gadquisapincha.gob.ec\/index.php\/wp-json\/wp\/v2\/comments?post=11083"}],"version-history":[{"count":16,"href":"https:\/\/gadquisapincha.gob.ec\/index.php\/wp-json\/wp\/v2\/pages\/11083\/revisions"}],"predecessor-version":[{"id":11538,"href":"https:\/\/gadquisapincha.gob.ec\/index.php\/wp-json\/wp\/v2\/pages\/11083\/revisions\/11538"}],"wp:attachment":[{"href":"https:\/\/gadquisapincha.gob.ec\/index.php\/wp-json\/wp\/v2\/media?parent=11083"}],"curies":[{"name":"wp","href":"https:\/\/api.w.org\/{rel}","templated":true}]}}